{"id":2756,"date":"2023-05-10T18:53:33","date_gmt":"2023-05-10T16:53:33","guid":{"rendered":"https:\/\/elpalaciodelamagia.com\/?post_type=product&#038;p=2756"},"modified":"2025-11-28T16:50:26","modified_gmt":"2025-11-28T15:50:26","slug":"capa-y-sombrero-de-mago-cree-en-tu-magia-%c2%b7-el-palacio-de-la-magia","status":"publish","type":"product","link":"https:\/\/elpalaciodelamagia.com\/en\/product\/capa-y-sombrero-de-mago-cree-en-tu-magia-%c2%b7-el-palacio-de-la-magia\/","title":{"rendered":"Capa y Sombrero de Mago \u2013 \u201cCree en tu Magia\u201d \u00b7 El Palacio de la Magia"},"content":{"rendered":"<p data-start=\"418\" data-end=\"642\"><strong data-start=\"418\" data-end=\"471\">Convierte a tu peque en un aut\u00e9ntico mago o maga.<\/strong><br data-start=\"471\" data-end=\"474\" \/>Incluye capa azul con estrellas doradas y sombrero a juego, exclusivos del Palacio de la Magia. Perfecto para cumplea\u00f1os, espect\u00e1culos y para vivir la magia desde casa.<\/p>\n<p>&nbsp;<\/p>","protected":false},"excerpt":{"rendered":"<p>capa y sombrero de mag@<\/p>","protected":false},"featured_media":4502,"template":"","meta":{"_uag_custom_page_level_css":"","site-sidebar-layout":"default","site-content-layout":"default","ast-site-content-layout":"default","site-content-style":"default","site-sidebar-style":"default","ast-global-header-display":"","ast-banner-title-visibility":"","ast-main-header-display":"","ast-hfb-above-header-display":"","ast-hfb-below-header-display":"","ast-hfb-mobile-header-display":"","site-post-title":"","ast-breadcrumbs-content":"","ast-featured-img":"","footer-sml-layout":"","ast-disable-related-posts":"","theme-transparent-header-meta":"default","adv-header-id-meta":"","stick-header-meta":"default","header-above-stick-meta":"","header-main-stick-meta":"","header-below-stick-meta":"","astra-migrate-meta-layouts":"set","ast-page-background-enabled":"default","ast-page-background-meta":{"desktop":{"background-color":"var(--ast-global-color-4)","background-image":"","background-repeat":"repeat","background-position":"center center","background-size":"auto","background-attachment":"scroll","background-type":"","background-media":"","overlay-type":"","overlay-color":"","overlay-opacity":"","overlay-gradient":""},"tablet":{"background-color":"","background-image":"","background-repeat":"repeat","background-position":"center center","background-size":"auto","background-attachment":"scroll","background-type":"","background-media":"","overlay-type":"","overlay-color":"","overlay-opacity":"","overlay-gradient":""},"mobile":{"background-color":"","background-image":"","background-repeat":"repeat","background-position":"center center","background-size":"auto","background-attachment":"scroll","background-type":"","background-media":"","overlay-type":"","overlay-color":"","overlay-opacity":"","overlay-gradient":""}},"ast-content-background-meta":{"desktop":{"background-color":"var(--ast-global-color-5)","background-image":"","background-repeat":"repeat","background-position":"center center","background-size":"auto","background-attachment":"scroll","background-type":"","background-media":"","overlay-type":"","overlay-color":"","overlay-opacity":"","overlay-gradient":""},"tablet":{"background-color":"var(--ast-global-color-5)","background-image":"","background-repeat":"repeat","background-position":"center center","background-size":"auto","background-attachment":"scroll","background-type":"","background-media":"","overlay-type":"","overlay-color":"","overlay-opacity":"","overlay-gradient":""},"mobile":{"background-color":"var(--ast-global-color-5)","background-image":"","background-repeat":"repeat","background-position":"center center","background-size":"auto","background-attachment":"scroll","background-type":"","background-media":"","overlay-type":"","overlay-color":"","overlay-opacity":"","overlay-gradient":""}}},"product_brand":[],"product_cat":[35],"product_tag":[127,257,131,132,129,130,128],"class_list":{"0":"post-2756","1":"product","2":"type-product","3":"status-publish","4":"has-post-thumbnail","6":"product_cat-accessories","7":"product_tag-capa-de-mago","8":"product_tag-capa-de-mago-disfraz-de-mago-set-de-magia-ninos-regalo-magico-palacio-de-la-magia-cree-en-tu-magia-disfraz-infantil","9":"product_tag-disfraces","10":"product_tag-ninos","11":"product_tag-ropa-de-mago","12":"product_tag-ropa-magica","13":"product_tag-sombrero-de-mago","14":"desktop-align-left","15":"tablet-align-left","16":"mobile-align-left","17":"ast-product-gallery-layout-horizontal-slider","18":"ast-product-tabs-layout-horizontal","19":"ast-qv-on-image","21":"first","22":"instock","23":"taxable","24":"shipping-taxable","25":"purchasable","26":"product-type-simple"},"yoast_head":"<!-- This site is optimized with the Yoast SEO plugin v27.3 - https:\/\/yoast.com\/product\/yoast-seo-wordpress\/ -->\n<title>Capa y Sombrero de Mago \u2013 \u201cCree en tu Magia\u201d \u00b7 El Palacio de la Magia - El Palacio De La Magia<\/title>\n<meta name=\"description\" content=\"\u2728 Disfraz oficial del Palacio de la Magia \u2013 Capa y Sombrero de Mago \u201cCree en tu Magia\u201dEste set m\u00e1gico incluye una capa azul brillante con estrellas doradas y un sombrero de mago a juego. Es el mismo que usan los ni\u00f1os y ni\u00f1as que vienen a nuestras funciones.Dise\u00f1ado en Barcelona e inspirado en la elefanta Lul\u00fa, es ligero, c\u00f3modo y resistente.Incluye:\u2022 Capa azul con borde dorado\u2022 Sombrero de mago con estrellas doradas\u2022 Estampado \u201cCree en tu Magia\u201d + elefanta Lul\u00fa\u2022 Talla universal desde 3\u201310 a\u00f1osPerfecto para:\ud83c\udfa9 Cumplea\u00f1os\ud83c\udfaa Fiestas infantiles\ud83e\ude84 Shows de magia\ud83c\udf1f Navidad y reyes\u2728 Jugar a ser mago\/a todo el a\u00f1oMaterial: tela ligera con brillo m\u00e1gicoLavable: S\u00ed, a mano\" \/>\n<meta name=\"robots\" content=\"index, follow, max-snippet:-1, max-image-preview:large, max-video-preview:-1\" \/>\n<link rel=\"canonical\" href=\"https:\/\/elpalaciodelamagia.com\/en\/product\/capa-y-sombrero-de-mago-cree-en-tu-magia-\u00b7-el-palacio-de-la-magia\/\" \/>\n<meta property=\"og:locale\" content=\"en_GB\" \/>\n<meta property=\"og:type\" content=\"article\" \/>\n<meta property=\"og:title\" content=\"Capa y Sombrero de Mago \u2013 \u201cCree en tu Magia\u201d \u00b7 El Palacio de la Magia - El Palacio De La Magia\" \/>\n<meta property=\"og:description\" content=\"\u2728 Disfraz oficial del Palacio de la Magia \u2013 Capa y Sombrero de Mago \u201cCree en tu Magia\u201dEste set m\u00e1gico incluye una capa azul brillante con estrellas doradas y un sombrero de mago a juego. Es el mismo que usan los ni\u00f1os y ni\u00f1as que vienen a nuestras funciones.Dise\u00f1ado en Barcelona e inspirado en la elefanta Lul\u00fa, es ligero, c\u00f3modo y resistente.Incluye:\u2022 Capa azul con borde dorado\u2022 Sombrero de mago con estrellas doradas\u2022 Estampado \u201cCree en tu Magia\u201d + elefanta Lul\u00fa\u2022 Talla universal desde 3\u201310 a\u00f1osPerfecto para:\ud83c\udfa9 Cumplea\u00f1os\ud83c\udfaa Fiestas infantiles\ud83e\ude84 Shows de magia\ud83c\udf1f Navidad y reyes\u2728 Jugar a ser mago\/a todo el a\u00f1oMaterial: tela ligera con brillo m\u00e1gicoLavable: S\u00ed, a mano\" \/>\n<meta property=\"og:url\" content=\"https:\/\/elpalaciodelamagia.com\/en\/product\/capa-y-sombrero-de-mago-cree-en-tu-magia-\u00b7-el-palacio-de-la-magia\/\" \/>\n<meta property=\"og:site_name\" content=\"El Palacio De La Magia\" \/>\n<meta property=\"article:modified_time\" content=\"2025-11-28T15:50:26+00:00\" \/>\n<meta property=\"og:image\" content=\"https:\/\/elpalaciodelamagia.com\/wp-content\/uploads\/2023\/05\/Captura-de-pantalla-2025-11-28-a-las-16.38.04.png\" \/>\n\t<meta property=\"og:image:width\" content=\"477\" \/>\n\t<meta property=\"og:image:height\" content=\"689\" \/>\n\t<meta property=\"og:image:type\" content=\"image\/png\" \/>\n<meta name=\"twitter:card\" content=\"summary_large_image\" \/>\n<meta name=\"twitter:label1\" content=\"Estimated reading time\" \/>\n\t<meta name=\"twitter:data1\" content=\"1 minute\" \/>\n<script type=\"application\/ld+json\" class=\"yoast-schema-graph\">{\"@context\":\"https:\\\/\\\/schema.org\",\"@graph\":[{\"@type\":\"WebPage\",\"@id\":\"https:\\\/\\\/elpalaciodelamagia.com\\\/producto\\\/capa-y-sombrero-de-mago-cree-en-tu-magia-%c2%b7-el-palacio-de-la-magia\\\/\",\"url\":\"https:\\\/\\\/elpalaciodelamagia.com\\\/producto\\\/capa-y-sombrero-de-mago-cree-en-tu-magia-%c2%b7-el-palacio-de-la-magia\\\/\",\"name\":\"Capa y Sombrero de Mago \u2013 \u201cCree en tu Magia\u201d \u00b7 El Palacio de la Magia - El Palacio De La Magia\",\"isPartOf\":{\"@id\":\"https:\\\/\\\/elpalaciodelamagia.com\\\/#website\"},\"primaryImageOfPage\":{\"@id\":\"https:\\\/\\\/elpalaciodelamagia.com\\\/producto\\\/capa-y-sombrero-de-mago-cree-en-tu-magia-%c2%b7-el-palacio-de-la-magia\\\/#primaryimage\"},\"image\":{\"@id\":\"https:\\\/\\\/elpalaciodelamagia.com\\\/producto\\\/capa-y-sombrero-de-mago-cree-en-tu-magia-%c2%b7-el-palacio-de-la-magia\\\/#primaryimage\"},\"thumbnailUrl\":\"https:\\\/\\\/elpalaciodelamagia.com\\\/wp-content\\\/uploads\\\/2023\\\/05\\\/Captura-de-pantalla-2025-11-28-a-las-16.38.04.png\",\"datePublished\":\"2023-05-10T16:53:33+00:00\",\"dateModified\":\"2025-11-28T15:50:26+00:00\",\"description\":\"\u2728 Disfraz oficial del Palacio de la Magia \u2013 Capa y Sombrero de Mago \u201cCree en tu Magia\u201dEste set m\u00e1gico incluye una capa azul brillante con estrellas doradas y un sombrero de mago a juego. Es el mismo que usan los ni\u00f1os y ni\u00f1as que vienen a nuestras funciones.Dise\u00f1ado en Barcelona e inspirado en la elefanta Lul\u00fa, es ligero, c\u00f3modo y resistente.Incluye:\u2022 Capa azul con borde dorado\u2022 Sombrero de mago con estrellas doradas\u2022 Estampado \u201cCree en tu Magia\u201d + elefanta Lul\u00fa\u2022 Talla universal desde 3\u201310 a\u00f1osPerfecto para:\ud83c\udfa9 Cumplea\u00f1os\ud83c\udfaa Fiestas infantiles\ud83e\ude84 Shows de magia\ud83c\udf1f Navidad y reyes\u2728 Jugar a ser mago\\\/a todo el a\u00f1oMaterial: tela ligera con brillo m\u00e1gicoLavable: S\u00ed, a mano\",\"breadcrumb\":{\"@id\":\"https:\\\/\\\/elpalaciodelamagia.com\\\/producto\\\/capa-y-sombrero-de-mago-cree-en-tu-magia-%c2%b7-el-palacio-de-la-magia\\\/#breadcrumb\"},\"inLanguage\":\"en-GB\",\"potentialAction\":[{\"@type\":\"ReadAction\",\"target\":[\"https:\\\/\\\/elpalaciodelamagia.com\\\/producto\\\/capa-y-sombrero-de-mago-cree-en-tu-magia-%c2%b7-el-palacio-de-la-magia\\\/\"]}]},{\"@type\":\"ImageObject\",\"inLanguage\":\"en-GB\",\"@id\":\"https:\\\/\\\/elpalaciodelamagia.com\\\/producto\\\/capa-y-sombrero-de-mago-cree-en-tu-magia-%c2%b7-el-palacio-de-la-magia\\\/#primaryimage\",\"url\":\"https:\\\/\\\/elpalaciodelamagia.com\\\/wp-content\\\/uploads\\\/2023\\\/05\\\/Captura-de-pantalla-2025-11-28-a-las-16.38.04.png\",\"contentUrl\":\"https:\\\/\\\/elpalaciodelamagia.com\\\/wp-content\\\/uploads\\\/2023\\\/05\\\/Captura-de-pantalla-2025-11-28-a-las-16.38.04.png\",\"width\":477,\"height\":689,\"caption\":\"Convierte a tu peque en un aut\u00e9ntico mago o maga. Incluye capa azul con estrellas doradas y sombrero a juego, exclusivos del Palacio de la Magia. Perfecto para cumplea\u00f1os, espect\u00e1culos y para vivir la magia desde casa.\"},{\"@type\":\"BreadcrumbList\",\"@id\":\"https:\\\/\\\/elpalaciodelamagia.com\\\/producto\\\/capa-y-sombrero-de-mago-cree-en-tu-magia-%c2%b7-el-palacio-de-la-magia\\\/#breadcrumb\",\"itemListElement\":[{\"@type\":\"ListItem\",\"position\":1,\"name\":\"Home\",\"item\":\"https:\\\/\\\/elpalaciodelamagia.com\\\/\"},{\"@type\":\"ListItem\",\"position\":2,\"name\":\"Tienda de Magia\",\"item\":\"https:\\\/\\\/elpalaciodelamagia.com\\\/en\\\/tienda-de-magia\\\/\"},{\"@type\":\"ListItem\",\"position\":3,\"name\":\"Capa y Sombrero de Mago \u2013 \u201cCree en tu Magia\u201d \u00b7 El Palacio de la Magia\"}]},{\"@type\":\"WebSite\",\"@id\":\"https:\\\/\\\/elpalaciodelamagia.com\\\/#website\",\"url\":\"https:\\\/\\\/elpalaciodelamagia.com\\\/\",\"name\":\"El Palacio De La Magia\",\"description\":\"Sala Teatro de Magia\",\"publisher\":{\"@id\":\"https:\\\/\\\/elpalaciodelamagia.com\\\/#organization\"},\"potentialAction\":[{\"@type\":\"SearchAction\",\"target\":{\"@type\":\"EntryPoint\",\"urlTemplate\":\"https:\\\/\\\/elpalaciodelamagia.com\\\/?s={search_term_string}\"},\"query-input\":{\"@type\":\"PropertyValueSpecification\",\"valueRequired\":true,\"valueName\":\"search_term_string\"}}],\"inLanguage\":\"en-GB\"},{\"@type\":\"Organization\",\"@id\":\"https:\\\/\\\/elpalaciodelamagia.com\\\/#organization\",\"name\":\"El Palacio De La Magia\",\"url\":\"https:\\\/\\\/elpalaciodelamagia.com\\\/\",\"logo\":{\"@type\":\"ImageObject\",\"inLanguage\":\"en-GB\",\"@id\":\"https:\\\/\\\/elpalaciodelamagia.com\\\/#\\\/schema\\\/logo\\\/image\\\/\",\"url\":\"https:\\\/\\\/elpalaciodelamagia.com\\\/wp-content\\\/uploads\\\/2025\\\/08\\\/Logo_2023_Letras-Blancas-sin-fondo.png\",\"contentUrl\":\"https:\\\/\\\/elpalaciodelamagia.com\\\/wp-content\\\/uploads\\\/2025\\\/08\\\/Logo_2023_Letras-Blancas-sin-fondo.png\",\"width\":560,\"height\":255,\"caption\":\"El Palacio De La Magia\"},\"image\":{\"@id\":\"https:\\\/\\\/elpalaciodelamagia.com\\\/#\\\/schema\\\/logo\\\/image\\\/\"}}]}<\/script>\n<!-- \/ Yoast SEO plugin. -->","yoast_head_json":{"title":"Capa y Sombrero de Mago \u2013 \u201cCree en tu Magia\u201d \u00b7 El Palacio de la Magia - El Palacio De La Magia","description":"\u2728 Disfraz oficial del Palacio de la Magia \u2013 Capa y Sombrero de Mago \u201cCree en tu Magia\u201dEste set m\u00e1gico incluye una capa azul brillante con estrellas doradas y un sombrero de mago a juego. Es el mismo que usan los ni\u00f1os y ni\u00f1as que vienen a nuestras funciones.Dise\u00f1ado en Barcelona e inspirado en la elefanta Lul\u00fa, es ligero, c\u00f3modo y resistente.Incluye:\u2022 Capa azul con borde dorado\u2022 Sombrero de mago con estrellas doradas\u2022 Estampado \u201cCree en tu Magia\u201d + elefanta Lul\u00fa\u2022 Talla universal desde 3\u201310 a\u00f1osPerfecto para:\ud83c\udfa9 Cumplea\u00f1os\ud83c\udfaa Fiestas infantiles\ud83e\ude84 Shows de magia\ud83c\udf1f Navidad y reyes\u2728 Jugar a ser mago\/a todo el a\u00f1oMaterial: tela ligera con brillo m\u00e1gicoLavable: S\u00ed, a mano","robots":{"index":"index","follow":"follow","max-snippet":"max-snippet:-1","max-image-preview":"max-image-preview:large","max-video-preview":"max-video-preview:-1"},"canonical":"https:\/\/elpalaciodelamagia.com\/en\/product\/capa-y-sombrero-de-mago-cree-en-tu-magia-\u00b7-el-palacio-de-la-magia\/","og_locale":"en_GB","og_type":"article","og_title":"Capa y Sombrero de Mago \u2013 \u201cCree en tu Magia\u201d \u00b7 El Palacio de la Magia - El Palacio De La Magia","og_description":"\u2728 Disfraz oficial del Palacio de la Magia \u2013 Capa y Sombrero de Mago \u201cCree en tu Magia\u201dEste set m\u00e1gico incluye una capa azul brillante con estrellas doradas y un sombrero de mago a juego. Es el mismo que usan los ni\u00f1os y ni\u00f1as que vienen a nuestras funciones.Dise\u00f1ado en Barcelona e inspirado en la elefanta Lul\u00fa, es ligero, c\u00f3modo y resistente.Incluye:\u2022 Capa azul con borde dorado\u2022 Sombrero de mago con estrellas doradas\u2022 Estampado \u201cCree en tu Magia\u201d + elefanta Lul\u00fa\u2022 Talla universal desde 3\u201310 a\u00f1osPerfecto para:\ud83c\udfa9 Cumplea\u00f1os\ud83c\udfaa Fiestas infantiles\ud83e\ude84 Shows de magia\ud83c\udf1f Navidad y reyes\u2728 Jugar a ser mago\/a todo el a\u00f1oMaterial: tela ligera con brillo m\u00e1gicoLavable: S\u00ed, a mano","og_url":"https:\/\/elpalaciodelamagia.com\/en\/product\/capa-y-sombrero-de-mago-cree-en-tu-magia-\u00b7-el-palacio-de-la-magia\/","og_site_name":"El Palacio De La Magia","article_modified_time":"2025-11-28T15:50:26+00:00","og_image":[{"width":477,"height":689,"url":"https:\/\/elpalaciodelamagia.com\/wp-content\/uploads\/2023\/05\/Captura-de-pantalla-2025-11-28-a-las-16.38.04.png","type":"image\/png"}],"twitter_card":"summary_large_image","twitter_misc":{"Estimated reading time":"1 minute"},"schema":{"@context":"https:\/\/schema.org","@graph":[{"@type":"WebPage","@id":"https:\/\/elpalaciodelamagia.com\/producto\/capa-y-sombrero-de-mago-cree-en-tu-magia-%c2%b7-el-palacio-de-la-magia\/","url":"https:\/\/elpalaciodelamagia.com\/producto\/capa-y-sombrero-de-mago-cree-en-tu-magia-%c2%b7-el-palacio-de-la-magia\/","name":"Capa y Sombrero de Mago \u2013 \u201cCree en tu Magia\u201d \u00b7 El Palacio de la Magia - El Palacio De La Magia","isPartOf":{"@id":"https:\/\/elpalaciodelamagia.com\/#website"},"primaryImageOfPage":{"@id":"https:\/\/elpalaciodelamagia.com\/producto\/capa-y-sombrero-de-mago-cree-en-tu-magia-%c2%b7-el-palacio-de-la-magia\/#primaryimage"},"image":{"@id":"https:\/\/elpalaciodelamagia.com\/producto\/capa-y-sombrero-de-mago-cree-en-tu-magia-%c2%b7-el-palacio-de-la-magia\/#primaryimage"},"thumbnailUrl":"https:\/\/elpalaciodelamagia.com\/wp-content\/uploads\/2023\/05\/Captura-de-pantalla-2025-11-28-a-las-16.38.04.png","datePublished":"2023-05-10T16:53:33+00:00","dateModified":"2025-11-28T15:50:26+00:00","description":"\u2728 Disfraz oficial del Palacio de la Magia \u2013 Capa y Sombrero de Mago \u201cCree en tu Magia\u201dEste set m\u00e1gico incluye una capa azul brillante con estrellas doradas y un sombrero de mago a juego. Es el mismo que usan los ni\u00f1os y ni\u00f1as que vienen a nuestras funciones.Dise\u00f1ado en Barcelona e inspirado en la elefanta Lul\u00fa, es ligero, c\u00f3modo y resistente.Incluye:\u2022 Capa azul con borde dorado\u2022 Sombrero de mago con estrellas doradas\u2022 Estampado \u201cCree en tu Magia\u201d + elefanta Lul\u00fa\u2022 Talla universal desde 3\u201310 a\u00f1osPerfecto para:\ud83c\udfa9 Cumplea\u00f1os\ud83c\udfaa Fiestas infantiles\ud83e\ude84 Shows de magia\ud83c\udf1f Navidad y reyes\u2728 Jugar a ser mago\/a todo el a\u00f1oMaterial: tela ligera con brillo m\u00e1gicoLavable: S\u00ed, a mano","breadcrumb":{"@id":"https:\/\/elpalaciodelamagia.com\/producto\/capa-y-sombrero-de-mago-cree-en-tu-magia-%c2%b7-el-palacio-de-la-magia\/#breadcrumb"},"inLanguage":"en-GB","potentialAction":[{"@type":"ReadAction","target":["https:\/\/elpalaciodelamagia.com\/producto\/capa-y-sombrero-de-mago-cree-en-tu-magia-%c2%b7-el-palacio-de-la-magia\/"]}]},{"@type":"ImageObject","inLanguage":"en-GB","@id":"https:\/\/elpalaciodelamagia.com\/producto\/capa-y-sombrero-de-mago-cree-en-tu-magia-%c2%b7-el-palacio-de-la-magia\/#primaryimage","url":"https:\/\/elpalaciodelamagia.com\/wp-content\/uploads\/2023\/05\/Captura-de-pantalla-2025-11-28-a-las-16.38.04.png","contentUrl":"https:\/\/elpalaciodelamagia.com\/wp-content\/uploads\/2023\/05\/Captura-de-pantalla-2025-11-28-a-las-16.38.04.png","width":477,"height":689,"caption":"Convierte a tu peque en un aut\u00e9ntico mago o maga. Incluye capa azul con estrellas doradas y sombrero a juego, exclusivos del Palacio de la Magia. Perfecto para cumplea\u00f1os, espect\u00e1culos y para vivir la magia desde casa."},{"@type":"BreadcrumbList","@id":"https:\/\/elpalaciodelamagia.com\/producto\/capa-y-sombrero-de-mago-cree-en-tu-magia-%c2%b7-el-palacio-de-la-magia\/#breadcrumb","itemListElement":[{"@type":"ListItem","position":1,"name":"Home","item":"https:\/\/elpalaciodelamagia.com\/"},{"@type":"ListItem","position":2,"name":"Tienda de Magia","item":"https:\/\/elpalaciodelamagia.com\/en\/tienda-de-magia\/"},{"@type":"ListItem","position":3,"name":"Capa y Sombrero de Mago \u2013 \u201cCree en tu Magia\u201d \u00b7 El Palacio de la Magia"}]},{"@type":"WebSite","@id":"https:\/\/elpalaciodelamagia.com\/#website","url":"https:\/\/elpalaciodelamagia.com\/","name":"The Palace Of The Magic","description":"Sala Teatro de Magia","publisher":{"@id":"https:\/\/elpalaciodelamagia.com\/#organization"},"potentialAction":[{"@type":"SearchAction","target":{"@type":"EntryPoint","urlTemplate":"https:\/\/elpalaciodelamagia.com\/?s={search_term_string}"},"query-input":{"@type":"PropertyValueSpecification","valueRequired":true,"valueName":"search_term_string"}}],"inLanguage":"en-GB"},{"@type":"Organization","@id":"https:\/\/elpalaciodelamagia.com\/#organization","name":"The Palace Of The Magic","url":"https:\/\/elpalaciodelamagia.com\/","logo":{"@type":"ImageObject","inLanguage":"en-GB","@id":"https:\/\/elpalaciodelamagia.com\/#\/schema\/logo\/image\/","url":"https:\/\/elpalaciodelamagia.com\/wp-content\/uploads\/2025\/08\/Logo_2023_Letras-Blancas-sin-fondo.png","contentUrl":"https:\/\/elpalaciodelamagia.com\/wp-content\/uploads\/2025\/08\/Logo_2023_Letras-Blancas-sin-fondo.png","width":560,"height":255,"caption":"El Palacio De La Magia"},"image":{"@id":"https:\/\/elpalaciodelamagia.com\/#\/schema\/logo\/image\/"}}]}},"uagb_featured_image_src":{"full":["https:\/\/elpalaciodelamagia.com\/wp-content\/uploads\/2023\/05\/Captura-de-pantalla-2025-11-28-a-las-16.38.04.png",477,689,false],"thumbnail":["https:\/\/elpalaciodelamagia.com\/wp-content\/uploads\/2023\/05\/Captura-de-pantalla-2025-11-28-a-las-16.38.04-150x150.png",150,150,true],"medium":["https:\/\/elpalaciodelamagia.com\/wp-content\/uploads\/2023\/05\/Captura-de-pantalla-2025-11-28-a-las-16.38.04-208x300.png",208,300,true],"medium_large":["https:\/\/elpalaciodelamagia.com\/wp-content\/uploads\/2023\/05\/Captura-de-pantalla-2025-11-28-a-las-16.38.04.png",477,689,false],"large":["https:\/\/elpalaciodelamagia.com\/wp-content\/uploads\/2023\/05\/Captura-de-pantalla-2025-11-28-a-las-16.38.04.png",477,689,false],"1536x1536":["https:\/\/elpalaciodelamagia.com\/wp-content\/uploads\/2023\/05\/Captura-de-pantalla-2025-11-28-a-las-16.38.04.png",477,689,false],"2048x2048":["https:\/\/elpalaciodelamagia.com\/wp-content\/uploads\/2023\/05\/Captura-de-pantalla-2025-11-28-a-las-16.38.04.png",477,689,false],"trp-custom-language-flag":["https:\/\/elpalaciodelamagia.com\/wp-content\/uploads\/2023\/05\/Captura-de-pantalla-2025-11-28-a-las-16.38.04-8x12.png",8,12,true],"woocommerce_thumbnail":["https:\/\/elpalaciodelamagia.com\/wp-content\/uploads\/2023\/05\/Captura-de-pantalla-2025-11-28-a-las-16.38.04-300x300.png",300,300,true],"woocommerce_single":["https:\/\/elpalaciodelamagia.com\/wp-content\/uploads\/2023\/05\/Captura-de-pantalla-2025-11-28-a-las-16.38.04.png",477,689,false],"woocommerce_gallery_thumbnail":["https:\/\/elpalaciodelamagia.com\/wp-content\/uploads\/2023\/05\/Captura-de-pantalla-2025-11-28-a-las-16.38.04-100x100.png",100,100,true]},"uagb_author_info":{"display_name":"Maximiliano Stia","author_link":"https:\/\/elpalaciodelamagia.com\/en\/author\/"},"uagb_comment_info":0,"uagb_excerpt":"capa y sombrero de mag@","_links":{"self":[{"href":"https:\/\/elpalaciodelamagia.com\/en\/wp-json\/wp\/v2\/product\/2756","targetHints":{"allow":["GET"]}}],"collection":[{"href":"https:\/\/elpalaciodelamagia.com\/en\/wp-json\/wp\/v2\/product"}],"about":[{"href":"https:\/\/elpalaciodelamagia.com\/en\/wp-json\/wp\/v2\/types\/product"}],"wp:featuredmedia":[{"embeddable":true,"href":"https:\/\/elpalaciodelamagia.com\/en\/wp-json\/wp\/v2\/media\/4502"}],"wp:attachment":[{"href":"https:\/\/elpalaciodelamagia.com\/en\/wp-json\/wp\/v2\/media?parent=2756"}],"wp:term":[{"taxonomy":"product_brand","embeddable":true,"href":"https:\/\/elpalaciodelamagia.com\/en\/wp-json\/wp\/v2\/product_brand?post=2756"},{"taxonomy":"product_cat","embeddable":true,"href":"https:\/\/elpalaciodelamagia.com\/en\/wp-json\/wp\/v2\/product_cat?post=2756"},{"taxonomy":"product_tag","embeddable":true,"href":"https:\/\/elpalaciodelamagia.com\/en\/wp-json\/wp\/v2\/product_tag?post=2756"}],"curies":[{"name":"wp","href":"https:\/\/api.w.org\/{rel}","templated":true}]}}