{"id":2290,"date":"2023-03-17T15:21:55","date_gmt":"2023-03-17T14:21:55","guid":{"rendered":"https:\/\/elpalaciodelamagia.com\/?post_type=product&#038;p=2290"},"modified":"2023-03-22T11:41:44","modified_gmt":"2023-03-22T10:41:44","slug":"alas-de-mariposa-para-ninos","status":"publish","type":"product","link":"https:\/\/elpalaciodelamagia.com\/en\/product\/alas-de-mariposa-para-ninos\/","title":{"rendered":"Butterfly wings for Kids"},"content":{"rendered":"<p>Globos de papel de aluminio de mariposa grande inflables colgantes de ala de \u00c1ngel para ni\u00f1os, decoraciones de cumplea\u00f1os, juguetes de fiesta de hadas, regalos de boda, Baby Shower. Medidas 122cm x 89cm.<\/p>","protected":false},"excerpt":{"rendered":"<p>Globos de papel de aluminio de mariposa grande inflables colgantes de ala de \u00c1ngel para ni\u00f1os, decoraciones de cumplea\u00f1os, juguetes de fiesta de hadas, regalos [&hellip;]<\/p>\n","protected":false},"featured_media":2268,"template":"","meta":{"_uag_custom_page_level_css":"","site-sidebar-layout":"no-sidebar","site-content-layout":"default","ast-site-content-layout":"default","site-content-style":"default","site-sidebar-style":"default","ast-global-header-display":"","ast-banner-title-visibility":"","ast-main-header-display":"","ast-hfb-above-header-display":"","ast-hfb-below-header-display":"","ast-hfb-mobile-header-display":"","site-post-title":"","ast-breadcrumbs-content":"","ast-featured-img":"","footer-sml-layout":"","ast-disable-related-posts":"","theme-transparent-header-meta":"default","adv-header-id-meta":"","stick-header-meta":"default","header-above-stick-meta":"","header-main-stick-meta":"","header-below-stick-meta":"","astra-migrate-meta-layouts":"default","ast-page-background-enabled":"default","ast-page-background-meta":{"desktop":{"background-color":"var(--ast-global-color-4)","background-image":"","background-repeat":"repeat","background-position":"center center","background-size":"auto","background-attachment":"scroll","background-type":"","background-media":"","overlay-type":"","overlay-color":"","overlay-opacity":"","overlay-gradient":""},"tablet":{"background-color":"","background-image":"","background-repeat":"repeat","background-position":"center center","background-size":"auto","background-attachment":"scroll","background-type":"","background-media":"","overlay-type":"","overlay-color":"","overlay-opacity":"","overlay-gradient":""},"mobile":{"background-color":"","background-image":"","background-repeat":"repeat","background-position":"center center","background-size":"auto","background-attachment":"scroll","background-type":"","background-media":"","overlay-type":"","overlay-color":"","overlay-opacity":"","overlay-gradient":""}},"ast-content-background-meta":{"desktop":{"background-color":"var(--ast-global-color-5)","background-image":"","background-repeat":"repeat","background-position":"center center","background-size":"auto","background-attachment":"scroll","background-type":"","background-media":"","overlay-type":"","overlay-color":"","overlay-opacity":"","overlay-gradient":""},"tablet":{"background-color":"var(--ast-global-color-5)","background-image":"","background-repeat":"repeat","background-position":"center center","background-size":"auto","background-attachment":"scroll","background-type":"","background-media":"","overlay-type":"","overlay-color":"","overlay-opacity":"","overlay-gradient":""},"mobile":{"background-color":"var(--ast-global-color-5)","background-image":"","background-repeat":"repeat","background-position":"center center","background-size":"auto","background-attachment":"scroll","background-type":"","background-media":"","overlay-type":"","overlay-color":"","overlay-opacity":"","overlay-gradient":""}}},"product_brand":[],"product_cat":[70],"product_tag":[71,72,73,74,76,75],"class_list":{"0":"post-2290","1":"product","2":"type-product","3":"status-publish","4":"has-post-thumbnail","6":"product_cat-articulos-magia","7":"product_tag-alas","8":"product_tag-alasmagia","9":"product_tag-alasmago","10":"product_tag-alasninos","11":"product_tag-escuelamagia","12":"product_tag-escuelamagos","13":"desktop-align-left","14":"tablet-align-left","15":"mobile-align-left","16":"ast-product-gallery-layout-horizontal-slider","17":"ast-product-tabs-layout-horizontal","18":"ast-qv-on-image","20":"first","21":"instock","22":"taxable","23":"shipping-taxable","24":"purchasable","25":"product-type-simple"},"yoast_head":"<!-- This site is optimized with the Yoast SEO plugin v27.5 - https:\/\/yoast.com\/product\/yoast-seo-wordpress\/ -->\n<title>Alas de Mariposa para Ni\u00f1os - El Palacio De La Magia<\/title>\n<meta name=\"robots\" content=\"index, follow, max-snippet:-1, max-image-preview:large, max-video-preview:-1\" \/>\n<link rel=\"canonical\" href=\"https:\/\/elpalaciodelamagia.com\/en\/product\/alas-de-mariposa-para-ninos\/\" \/>\n<meta property=\"og:locale\" content=\"en_GB\" \/>\n<meta property=\"og:type\" content=\"article\" \/>\n<meta property=\"og:title\" content=\"Alas de Mariposa para Ni\u00f1os - El Palacio De La Magia\" \/>\n<meta property=\"og:description\" content=\"Globos de papel de aluminio de mariposa grande inflables colgantes de ala de \u00c1ngel para ni\u00f1os, decoraciones de cumplea\u00f1os, juguetes de fiesta de hadas, regalos [&hellip;]\" \/>\n<meta property=\"og:url\" content=\"https:\/\/elpalaciodelamagia.com\/en\/product\/alas-de-mariposa-para-ninos\/\" \/>\n<meta property=\"og:site_name\" content=\"El Palacio De La Magia\" \/>\n<meta property=\"article:modified_time\" content=\"2023-03-22T10:41:44+00:00\" \/>\n<meta property=\"og:image\" content=\"https:\/\/elpalaciodelamagia.com\/wp-content\/uploads\/2023\/03\/alas-de-mariposa-doradas-cumpleanos-ninos-barcelona-celebracion-magia-.jpeg\" \/>\n\t<meta property=\"og:image:width\" content=\"300\" \/>\n\t<meta property=\"og:image:height\" content=\"300\" \/>\n\t<meta property=\"og:image:type\" content=\"image\/jpeg\" \/>\n<meta name=\"twitter:card\" content=\"summary_large_image\" \/>\n<script type=\"application\/ld+json\" class=\"yoast-schema-graph\">{\"@context\":\"https:\\\/\\\/schema.org\",\"@graph\":[{\"@type\":\"WebPage\",\"@id\":\"https:\\\/\\\/elpalaciodelamagia.com\\\/producto\\\/alas-de-mariposa-para-ninos\\\/\",\"url\":\"https:\\\/\\\/elpalaciodelamagia.com\\\/producto\\\/alas-de-mariposa-para-ninos\\\/\",\"name\":\"Alas de Mariposa para Ni\u00f1os - El Palacio De La Magia\",\"isPartOf\":{\"@id\":\"https:\\\/\\\/elpalaciodelamagia.com\\\/#website\"},\"primaryImageOfPage\":{\"@id\":\"https:\\\/\\\/elpalaciodelamagia.com\\\/producto\\\/alas-de-mariposa-para-ninos\\\/#primaryimage\"},\"image\":{\"@id\":\"https:\\\/\\\/elpalaciodelamagia.com\\\/producto\\\/alas-de-mariposa-para-ninos\\\/#primaryimage\"},\"thumbnailUrl\":\"https:\\\/\\\/elpalaciodelamagia.com\\\/wp-content\\\/uploads\\\/2023\\\/03\\\/alas-de-mariposa-doradas-cumpleanos-ninos-barcelona-celebracion-magia-.jpeg\",\"datePublished\":\"2023-03-17T14:21:55+00:00\",\"dateModified\":\"2023-03-22T10:41:44+00:00\",\"breadcrumb\":{\"@id\":\"https:\\\/\\\/elpalaciodelamagia.com\\\/producto\\\/alas-de-mariposa-para-ninos\\\/#breadcrumb\"},\"inLanguage\":\"en-GB\",\"potentialAction\":[{\"@type\":\"ReadAction\",\"target\":[\"https:\\\/\\\/elpalaciodelamagia.com\\\/producto\\\/alas-de-mariposa-para-ninos\\\/\"]}]},{\"@type\":\"ImageObject\",\"inLanguage\":\"en-GB\",\"@id\":\"https:\\\/\\\/elpalaciodelamagia.com\\\/producto\\\/alas-de-mariposa-para-ninos\\\/#primaryimage\",\"url\":\"https:\\\/\\\/elpalaciodelamagia.com\\\/wp-content\\\/uploads\\\/2023\\\/03\\\/alas-de-mariposa-doradas-cumpleanos-ninos-barcelona-celebracion-magia-.jpeg\",\"contentUrl\":\"https:\\\/\\\/elpalaciodelamagia.com\\\/wp-content\\\/uploads\\\/2023\\\/03\\\/alas-de-mariposa-doradas-cumpleanos-ninos-barcelona-celebracion-magia-.jpeg\",\"width\":300,\"height\":300,\"caption\":\"alas de mariposa doradas cumplea\u00f1os ni\u00f1os barcelona celebracion magia\"},{\"@type\":\"BreadcrumbList\",\"@id\":\"https:\\\/\\\/elpalaciodelamagia.com\\\/producto\\\/alas-de-mariposa-para-ninos\\\/#breadcrumb\",\"itemListElement\":[{\"@type\":\"ListItem\",\"position\":1,\"name\":\"Home\",\"item\":\"https:\\\/\\\/elpalaciodelamagia.com\\\/\"},{\"@type\":\"ListItem\",\"position\":2,\"name\":\"Tienda de Magia\",\"item\":\"https:\\\/\\\/elpalaciodelamagia.com\\\/en\\\/tienda-de-magia\\\/\"},{\"@type\":\"ListItem\",\"position\":3,\"name\":\"Alas de Mariposa para Ni\u00f1os\"}]},{\"@type\":\"WebSite\",\"@id\":\"https:\\\/\\\/elpalaciodelamagia.com\\\/#website\",\"url\":\"https:\\\/\\\/elpalaciodelamagia.com\\\/\",\"name\":\"El Palacio De La Magia\",\"description\":\"Sala Teatro de Magia\",\"publisher\":{\"@id\":\"https:\\\/\\\/elpalaciodelamagia.com\\\/#organization\"},\"potentialAction\":[{\"@type\":\"SearchAction\",\"target\":{\"@type\":\"EntryPoint\",\"urlTemplate\":\"https:\\\/\\\/elpalaciodelamagia.com\\\/?s={search_term_string}\"},\"query-input\":{\"@type\":\"PropertyValueSpecification\",\"valueRequired\":true,\"valueName\":\"search_term_string\"}}],\"inLanguage\":\"en-GB\"},{\"@type\":\"Organization\",\"@id\":\"https:\\\/\\\/elpalaciodelamagia.com\\\/#organization\",\"name\":\"El Palacio De La Magia\",\"url\":\"https:\\\/\\\/elpalaciodelamagia.com\\\/\",\"logo\":{\"@type\":\"ImageObject\",\"inLanguage\":\"en-GB\",\"@id\":\"https:\\\/\\\/elpalaciodelamagia.com\\\/#\\\/schema\\\/logo\\\/image\\\/\",\"url\":\"https:\\\/\\\/elpalaciodelamagia.com\\\/wp-content\\\/uploads\\\/2025\\\/08\\\/Logo_2023_Letras-Blancas-sin-fondo.png\",\"contentUrl\":\"https:\\\/\\\/elpalaciodelamagia.com\\\/wp-content\\\/uploads\\\/2025\\\/08\\\/Logo_2023_Letras-Blancas-sin-fondo.png\",\"width\":560,\"height\":255,\"caption\":\"El Palacio De La Magia\"},\"image\":{\"@id\":\"https:\\\/\\\/elpalaciodelamagia.com\\\/#\\\/schema\\\/logo\\\/image\\\/\"}}]}<\/script>\n<!-- \/ Yoast SEO plugin. -->","yoast_head_json":{"title":"Alas de Mariposa para Ni\u00f1os - El Palacio De La Magia","robots":{"index":"index","follow":"follow","max-snippet":"max-snippet:-1","max-image-preview":"max-image-preview:large","max-video-preview":"max-video-preview:-1"},"canonical":"https:\/\/elpalaciodelamagia.com\/en\/product\/alas-de-mariposa-para-ninos\/","og_locale":"en_GB","og_type":"article","og_title":"Alas de Mariposa para Ni\u00f1os - El Palacio De La Magia","og_description":"Globos de papel de aluminio de mariposa grande inflables colgantes de ala de \u00c1ngel para ni\u00f1os, decoraciones de cumplea\u00f1os, juguetes de fiesta de hadas, regalos [&hellip;]","og_url":"https:\/\/elpalaciodelamagia.com\/en\/product\/alas-de-mariposa-para-ninos\/","og_site_name":"El Palacio De La Magia","article_modified_time":"2023-03-22T10:41:44+00:00","og_image":[{"width":300,"height":300,"url":"https:\/\/elpalaciodelamagia.com\/wp-content\/uploads\/2023\/03\/alas-de-mariposa-doradas-cumpleanos-ninos-barcelona-celebracion-magia-.jpeg","type":"image\/jpeg"}],"twitter_card":"summary_large_image","schema":{"@context":"https:\/\/schema.org","@graph":[{"@type":"WebPage","@id":"https:\/\/elpalaciodelamagia.com\/producto\/alas-de-mariposa-para-ninos\/","url":"https:\/\/elpalaciodelamagia.com\/producto\/alas-de-mariposa-para-ninos\/","name":"Alas de Mariposa para Ni\u00f1os - El Palacio De La Magia","isPartOf":{"@id":"https:\/\/elpalaciodelamagia.com\/#website"},"primaryImageOfPage":{"@id":"https:\/\/elpalaciodelamagia.com\/producto\/alas-de-mariposa-para-ninos\/#primaryimage"},"image":{"@id":"https:\/\/elpalaciodelamagia.com\/producto\/alas-de-mariposa-para-ninos\/#primaryimage"},"thumbnailUrl":"https:\/\/elpalaciodelamagia.com\/wp-content\/uploads\/2023\/03\/alas-de-mariposa-doradas-cumpleanos-ninos-barcelona-celebracion-magia-.jpeg","datePublished":"2023-03-17T14:21:55+00:00","dateModified":"2023-03-22T10:41:44+00:00","breadcrumb":{"@id":"https:\/\/elpalaciodelamagia.com\/producto\/alas-de-mariposa-para-ninos\/#breadcrumb"},"inLanguage":"en-GB","potentialAction":[{"@type":"ReadAction","target":["https:\/\/elpalaciodelamagia.com\/producto\/alas-de-mariposa-para-ninos\/"]}]},{"@type":"ImageObject","inLanguage":"en-GB","@id":"https:\/\/elpalaciodelamagia.com\/producto\/alas-de-mariposa-para-ninos\/#primaryimage","url":"https:\/\/elpalaciodelamagia.com\/wp-content\/uploads\/2023\/03\/alas-de-mariposa-doradas-cumpleanos-ninos-barcelona-celebracion-magia-.jpeg","contentUrl":"https:\/\/elpalaciodelamagia.com\/wp-content\/uploads\/2023\/03\/alas-de-mariposa-doradas-cumpleanos-ninos-barcelona-celebracion-magia-.jpeg","width":300,"height":300,"caption":"alas de mariposa doradas cumplea\u00f1os ni\u00f1os barcelona celebracion magia"},{"@type":"BreadcrumbList","@id":"https:\/\/elpalaciodelamagia.com\/producto\/alas-de-mariposa-para-ninos\/#breadcrumb","itemListElement":[{"@type":"ListItem","position":1,"name":"Home","item":"https:\/\/elpalaciodelamagia.com\/"},{"@type":"ListItem","position":2,"name":"Tienda de Magia","item":"https:\/\/elpalaciodelamagia.com\/en\/tienda-de-magia\/"},{"@type":"ListItem","position":3,"name":"Alas de Mariposa para Ni\u00f1os"}]},{"@type":"WebSite","@id":"https:\/\/elpalaciodelamagia.com\/#website","url":"https:\/\/elpalaciodelamagia.com\/","name":"The Palace Of The Magic","description":"Sala Teatro de Magia","publisher":{"@id":"https:\/\/elpalaciodelamagia.com\/#organization"},"potentialAction":[{"@type":"SearchAction","target":{"@type":"EntryPoint","urlTemplate":"https:\/\/elpalaciodelamagia.com\/?s={search_term_string}"},"query-input":{"@type":"PropertyValueSpecification","valueRequired":true,"valueName":"search_term_string"}}],"inLanguage":"en-GB"},{"@type":"Organization","@id":"https:\/\/elpalaciodelamagia.com\/#organization","name":"The Palace Of The Magic","url":"https:\/\/elpalaciodelamagia.com\/","logo":{"@type":"ImageObject","inLanguage":"en-GB","@id":"https:\/\/elpalaciodelamagia.com\/#\/schema\/logo\/image\/","url":"https:\/\/elpalaciodelamagia.com\/wp-content\/uploads\/2025\/08\/Logo_2023_Letras-Blancas-sin-fondo.png","contentUrl":"https:\/\/elpalaciodelamagia.com\/wp-content\/uploads\/2025\/08\/Logo_2023_Letras-Blancas-sin-fondo.png","width":560,"height":255,"caption":"El Palacio De La Magia"},"image":{"@id":"https:\/\/elpalaciodelamagia.com\/#\/schema\/logo\/image\/"}}]}},"uagb_featured_image_src":{"full":["https:\/\/elpalaciodelamagia.com\/wp-content\/uploads\/2023\/03\/alas-de-mariposa-doradas-cumpleanos-ninos-barcelona-celebracion-magia-.jpeg",300,300,false],"thumbnail":["https:\/\/elpalaciodelamagia.com\/wp-content\/uploads\/2023\/03\/alas-de-mariposa-doradas-cumpleanos-ninos-barcelona-celebracion-magia--150x150.jpeg",150,150,true],"medium":["https:\/\/elpalaciodelamagia.com\/wp-content\/uploads\/2023\/03\/alas-de-mariposa-doradas-cumpleanos-ninos-barcelona-celebracion-magia-.jpeg",300,300,false],"medium_large":["https:\/\/elpalaciodelamagia.com\/wp-content\/uploads\/2023\/03\/alas-de-mariposa-doradas-cumpleanos-ninos-barcelona-celebracion-magia-.jpeg",300,300,false],"large":["https:\/\/elpalaciodelamagia.com\/wp-content\/uploads\/2023\/03\/alas-de-mariposa-doradas-cumpleanos-ninos-barcelona-celebracion-magia-.jpeg",300,300,false],"1536x1536":["https:\/\/elpalaciodelamagia.com\/wp-content\/uploads\/2023\/03\/alas-de-mariposa-doradas-cumpleanos-ninos-barcelona-celebracion-magia-.jpeg",300,300,false],"2048x2048":["https:\/\/elpalaciodelamagia.com\/wp-content\/uploads\/2023\/03\/alas-de-mariposa-doradas-cumpleanos-ninos-barcelona-celebracion-magia-.jpeg",300,300,false],"trp-custom-language-flag":["https:\/\/elpalaciodelamagia.com\/wp-content\/uploads\/2023\/03\/alas-de-mariposa-doradas-cumpleanos-ninos-barcelona-celebracion-magia-.jpeg",12,12,false],"woocommerce_thumbnail":["https:\/\/elpalaciodelamagia.com\/wp-content\/uploads\/2023\/03\/alas-de-mariposa-doradas-cumpleanos-ninos-barcelona-celebracion-magia-.jpeg",300,300,false],"woocommerce_single":["https:\/\/elpalaciodelamagia.com\/wp-content\/uploads\/2023\/03\/alas-de-mariposa-doradas-cumpleanos-ninos-barcelona-celebracion-magia-.jpeg",300,300,false],"woocommerce_gallery_thumbnail":["https:\/\/elpalaciodelamagia.com\/wp-content\/uploads\/2023\/03\/alas-de-mariposa-doradas-cumpleanos-ninos-barcelona-celebracion-magia--100x100.jpeg",100,100,true]},"uagb_author_info":{"display_name":"croldan","author_link":"https:\/\/elpalaciodelamagia.com\/en\/author\/"},"uagb_comment_info":0,"uagb_excerpt":"Globos de papel de aluminio de mariposa grande inflables colgantes de ala de \u00c1ngel para ni\u00f1os, decoraciones de cumplea\u00f1os, juguetes de fiesta de hadas, regalos [&hellip;]","_links":{"self":[{"href":"https:\/\/elpalaciodelamagia.com\/en\/wp-json\/wp\/v2\/product\/2290","targetHints":{"allow":["GET"]}}],"collection":[{"href":"https:\/\/elpalaciodelamagia.com\/en\/wp-json\/wp\/v2\/product"}],"about":[{"href":"https:\/\/elpalaciodelamagia.com\/en\/wp-json\/wp\/v2\/types\/product"}],"wp:featuredmedia":[{"embeddable":true,"href":"https:\/\/elpalaciodelamagia.com\/en\/wp-json\/wp\/v2\/media\/2268"}],"wp:attachment":[{"href":"https:\/\/elpalaciodelamagia.com\/en\/wp-json\/wp\/v2\/media?parent=2290"}],"wp:term":[{"taxonomy":"product_brand","embeddable":true,"href":"https:\/\/elpalaciodelamagia.com\/en\/wp-json\/wp\/v2\/product_brand?post=2290"},{"taxonomy":"product_cat","embeddable":true,"href":"https:\/\/elpalaciodelamagia.com\/en\/wp-json\/wp\/v2\/product_cat?post=2290"},{"taxonomy":"product_tag","embeddable":true,"href":"https:\/\/elpalaciodelamagia.com\/en\/wp-json\/wp\/v2\/product_tag?post=2290"}],"curies":[{"name":"wp","href":"https:\/\/api.w.org\/{rel}","templated":true}]}}