{"id":3727,"date":"2025-07-02T17:24:12","date_gmt":"2025-07-02T15:24:12","guid":{"rendered":"https:\/\/elpalaciodelamagia.com\/?page_id=3727"},"modified":"2025-10-17T22:15:36","modified_gmt":"2025-10-17T20:15:36","slug":"programacion","status":"publish","type":"page","link":"https:\/\/elpalaciodelamagia.com\/en\/programacion\/","title":{"rendered":"Programming"},"content":{"rendered":"\t\t<div data-elementor-type=\"wp-page\" data-elementor-id=\"3727\" class=\"elementor elementor-3727\" data-elementor-post-type=\"page\">\n\t\t\t\t<div class=\"elementor-element elementor-element-5c368f3 e-flex e-con-boxed e-con e-parent\" data-id=\"5c368f3\" data-element_type=\"container\" data-e-type=\"container\">\n\t\t\t\t\t<div class=\"e-con-inner\">\n\t\t\t\t<div class=\"elementor-element elementor-element-53c8868 elementor-widget elementor-widget-heading\" data-id=\"53c8868\" data-element_type=\"widget\" data-e-type=\"widget\" data-widget_type=\"heading.default\">\n\t\t\t\t<div class=\"elementor-widget-container\">\n\t\t\t\t\t<h2 class=\"elementor-heading-title elementor-size-default\">Programaci\u00f3n <\/h2>\t\t\t\t<\/div>\n\t\t\t\t<\/div>\n\t\t\t\t<div class=\"elementor-element elementor-element-cc6931c elementor-widget elementor-widget-heading\" data-id=\"cc6931c\" data-element_type=\"widget\" data-e-type=\"widget\" data-widget_type=\"heading.default\">\n\t\t\t\t<div class=\"elementor-widget-container\">\n\t\t\t\t\t<h2 class=\"elementor-heading-title elementor-size-default\">Pr\u00f3ximos shows de magia en Barcelona<\/h2>\t\t\t\t<\/div>\n\t\t\t\t<\/div>\n\t\t\t\t<div class=\"elementor-element elementor-element-e734440 e-n-tabs-none elementor-widget elementor-widget-n-tabs\" data-id=\"e734440\" data-element_type=\"widget\" data-e-type=\"widget\" data-settings=\"{&quot;horizontal_scroll&quot;:&quot;disable&quot;}\" data-widget_type=\"nested-tabs.default\">\n\t\t\t\t<div class=\"elementor-widget-container\">\n\t\t\t\t\t\t\t<div class=\"e-n-tabs\" data-widget-number=\"242435136\" aria-label=\"Pesta\u00f1as. Abre elementos con Intro o Espacio, ci\u00e9rralos con Escape y navega con las fechas.\">\n\t\t\t<div class=\"e-n-tabs-heading\" role=\"tablist\">\n\t\t\t\t\t<button id=\"e-n-tab-title-2424351361\" data-tab-title-id=\"e-n-tab-title-2424351361\" class=\"e-n-tab-title\" aria-selected=\"true\" data-tab-index=\"1\" role=\"tab\" tabindex=\"0\" aria-controls=\"e-n-tab-content-2424351361\" style=\"--n-tabs-title-order: 1;\">\n\t\t\t\t\t<span class=\"e-n-tab-icon\">\n\t\t\t<i aria-hidden=\"true\" class=\"far fa-calendar-alt\"><\/i>\t\t\t<i aria-hidden=\"true\" class=\"far fa-calendar-alt\"><\/i>\t\t<\/span>\n\t\t\t\t\t<span class=\"e-n-tab-title-text\">\n\t\t\t\tVista Calendario\t\t\t<\/span>\n\t\t<\/button>\n\t\t\t\t<button id=\"e-n-tab-title-2424351362\" data-tab-title-id=\"e-n-tab-title-2424351362\" class=\"e-n-tab-title\" aria-selected=\"false\" data-tab-index=\"2\" role=\"tab\" tabindex=\"-1\" aria-controls=\"e-n-tab-content-2424351362\" style=\"--n-tabs-title-order: 2;\">\n\t\t\t\t\t<span class=\"e-n-tab-icon\">\n\t\t\t<i aria-hidden=\"true\" class=\"fas fa-list-ul\"><\/i>\t\t\t<i aria-hidden=\"true\" class=\"fas fa-list-ul\"><\/i>\t\t<\/span>\n\t\t\t\t\t<span class=\"e-n-tab-title-text\">\n\t\t\t\tVista Listado\t\t\t<\/span>\n\t\t<\/button>\n\t\t\t\t\t<\/div>\n\t\t\t<div class=\"e-n-tabs-content\">\n\t\t\t\t<div id=\"e-n-tab-content-2424351361\" role=\"tabpanel\" aria-labelledby=\"e-n-tab-title-2424351361\" data-tab-index=\"1\" style=\"--n-tabs-title-order: 1;\" class=\"e-active elementor-element elementor-element-3a96806 e-con-full e-flex e-con e-child\" data-id=\"3a96806\" data-element_type=\"container\" data-e-type=\"container\">\n\t\t\t\t<div class=\"elementor-element elementor-element-23dce93 elementor-widget elementor-widget-text-editor\" data-id=\"23dce93\" data-element_type=\"widget\" data-e-type=\"widget\" data-widget_type=\"text-editor.default\">\n\t\t\t\t<div class=\"elementor-widget-container\">\n\t\t\t\t\t\t\t\t\t<p>Si no encuentras eventos programados este mes, revisa fechas siguientes.<\/p>\t\t\t\t\t\t\t\t<\/div>\n\t\t\t\t<\/div>\n\t\t\t\t<div class=\"elementor-element elementor-element-fbabc56 elementor-widget__width-inherit elementor-widget elementor-widget-ameliaeventscalendarbooking\" data-id=\"fbabc56\" data-element_type=\"widget\" data-e-type=\"widget\" data-widget_type=\"ameliaeventscalendarbooking.default\">\n\t\t\t\t<div class=\"elementor-widget-container\">\n\t\t\t\t\t<script>\n  if (typeof hasAmeliaEvent === 'undefined') {\n    var hasAmeliaEvent = true;\n  }\n  if (typeof hasEventApiCall === 'undefined' && ('' === '' && '' !== '1')) {\n    var hasEventApiCall = true;\n  }\n  var hasEventShortcode = (typeof hasEventShortcode === 'undefined') ? false : true;\n  var ameliaShortcodeData = (typeof ameliaShortcodeData === 'undefined') ? [] : ameliaShortcodeData;\n  ameliaShortcodeData.push(\n    {\n      'hasApiCall': (typeof hasEventApiCall !== 'undefined') && hasEventApiCall,\n      'trigger': '',\n      'trigger_type': '',\n      'triggered_form': 'ecf',\n      'in_dialog': '',\n      'counter': '1000',\n      'employee': '',\n      'eventId': '',\n      'eventRecurring': 0,\n      'eventTag': \"\",\n      'locationId': \"\"\n    }\n  );\n  var ameliaShortcodeDataTriggered = (typeof ameliaShortcodeDataTriggered === 'undefined') ? [] : ameliaShortcodeDataTriggered;\n  if (ameliaShortcodeData[ameliaShortcodeData.length - 1].trigger !== '') {\n    if (ameliaShortcodeDataTriggered.filter(a => a.counter === ameliaShortcodeData[ameliaShortcodeData.length - 1].counter).length === 0) {\n      ameliaShortcodeDataTriggered.push(ameliaShortcodeData.pop());\n    } else {\n      ameliaShortcodeData.pop()\n    }\n  }\n  if (typeof hasEventApiCall !== 'undefined' && hasEventApiCall) {\n    hasEventApiCall = false;\n  }\n<\/script>\n\n<div\n  id=\"amelia-v2-booking-1000\"\n  class=\"amelia-v2-booking\"\n>\n    <events-calendar-form-wrapper><\/div>\n\t\t\t\t<\/div>\n\t\t\t\t<\/div>\n\t\t\t\t<\/div>\n\t\t<div id=\"e-n-tab-content-2424351362\" role=\"tabpanel\" aria-labelledby=\"e-n-tab-title-2424351362\" data-tab-index=\"2\" style=\"--n-tabs-title-order: 2;\" class=\" elementor-element elementor-element-7ef1494 e-con-full e-flex e-con e-child\" data-id=\"7ef1494\" data-element_type=\"container\" data-e-type=\"container\">\n\t\t\t\t<div class=\"elementor-element elementor-element-e895fab elementor-widget elementor-widget-ameliaeventslistbooking\" data-id=\"e895fab\" data-element_type=\"widget\" data-e-type=\"widget\" data-widget_type=\"ameliaeventslistbooking.default\">\n\t\t\t\t<div class=\"elementor-widget-container\">\n\t\t\t\t\t<script>\n  if (typeof hasAmeliaEvent === 'undefined') {\n    var hasAmeliaEvent = true;\n  }\n  if (typeof hasEventApiCall === 'undefined' && ('' === '' && '' !== '1')) {\n    var hasEventApiCall = true;\n  }\n  var hasEventShortcode = (typeof hasEventShortcode === 'undefined') ? false : true;\n  var ameliaShortcodeData = (typeof ameliaShortcodeData === 'undefined') ? [] : ameliaShortcodeData;\n  ameliaShortcodeData.push(\n    {\n      'hasApiCall': (typeof hasEventApiCall !== 'undefined') && hasEventApiCall,\n      'trigger': '',\n      'trigger_type': '',\n      'triggered_form': 'elf',\n      'in_dialog': '',\n      'counter': '1001',\n      'employee': '',\n      'eventId': '',\n      'eventRecurring': 0,\n      'eventTag': \"\",\n      'locationId': \"\"\n    }\n  );\n  var ameliaShortcodeDataTriggered = (typeof ameliaShortcodeDataTriggered === 'undefined') ? [] : ameliaShortcodeDataTriggered;\n  if (ameliaShortcodeData[ameliaShortcodeData.length - 1].trigger !== '') {\n    if (ameliaShortcodeDataTriggered.filter(a => a.counter === ameliaShortcodeData[ameliaShortcodeData.length - 1].counter).length === 0) {\n      ameliaShortcodeDataTriggered.push(ameliaShortcodeData.pop());\n    } else {\n      ameliaShortcodeData.pop()\n    }\n  }\n  if (typeof hasEventApiCall !== 'undefined' && hasEventApiCall) {\n    hasEventApiCall = false;\n  }\n<\/script>\n\n<div\n  id=\"amelia-v2-booking-1001\"\n  class=\"amelia-v2-booking\"\n>\n    <events-list-form-wrapper><\/div>\n\t\t\t\t<\/div>\n\t\t\t\t<\/div>\n\t\t\t\t<\/div>\n\t\t\t\t\t<\/div>\n\t\t<\/div>\n\t\t\t\t\t\t<\/div>\n\t\t\t\t<\/div>\n\t\t\t\t\t<\/div>\n\t\t\t\t<\/div>\n\t\t<div class=\"elementor-element elementor-element-2ba58bc e-con-full e-flex e-con e-parent\" data-id=\"2ba58bc\" data-element_type=\"container\" data-e-type=\"container\">\n\t\t\t\t<div class=\"elementor-element elementor-element-7a8dcee elementor-widget__width-initial elementor-widget-mobile__width-inherit elementor-widget elementor-widget-image\" data-id=\"7a8dcee\" data-element_type=\"widget\" data-e-type=\"widget\" data-widget_type=\"image.default\">\n\t\t\t\t<div class=\"elementor-widget-container\">\n\t\t\t\t\t\t\t\t\t\t\t\t\t\t\t<img fetchpriority=\"high\" decoding=\"async\" width=\"1800\" height=\"1200\" src=\"https:\/\/elpalaciodelamagia.com\/wp-content\/uploads\/2025\/08\/shows-de-magia-para-toda-la-familia-barcelona.webp\" class=\"attachment-full size-full wp-image-4185\" alt=\"\" srcset=\"https:\/\/elpalaciodelamagia.com\/wp-content\/uploads\/2025\/08\/shows-de-magia-para-toda-la-familia-barcelona.webp 1800w, https:\/\/elpalaciodelamagia.com\/wp-content\/uploads\/2025\/08\/shows-de-magia-para-toda-la-familia-barcelona-300x200.webp 300w, https:\/\/elpalaciodelamagia.com\/wp-content\/uploads\/2025\/08\/shows-de-magia-para-toda-la-familia-barcelona-1024x683.webp 1024w, https:\/\/elpalaciodelamagia.com\/wp-content\/uploads\/2025\/08\/shows-de-magia-para-toda-la-familia-barcelona-768x512.webp 768w, https:\/\/elpalaciodelamagia.com\/wp-content\/uploads\/2025\/08\/shows-de-magia-para-toda-la-familia-barcelona-1536x1024.webp 1536w, https:\/\/elpalaciodelamagia.com\/wp-content\/uploads\/2025\/08\/shows-de-magia-para-toda-la-familia-barcelona-18x12.webp 18w, https:\/\/elpalaciodelamagia.com\/wp-content\/uploads\/2025\/08\/shows-de-magia-para-toda-la-familia-barcelona-600x400.webp 600w\" sizes=\"(max-width: 1800px) 100vw, 1800px\" \/>\t\t\t\t\t\t\t\t\t\t\t\t\t\t\t<\/div>\n\t\t\t\t<\/div>\n\t\t<div class=\"elementor-element elementor-element-6fd60ef e-con-full e-flex e-con e-child\" data-id=\"6fd60ef\" data-element_type=\"container\" data-e-type=\"container\">\n\t\t\t\t<div class=\"elementor-element elementor-element-0d12fc3 elementor-widget-divider--view-line elementor-widget elementor-widget-divider\" data-id=\"0d12fc3\" data-element_type=\"widget\" data-e-type=\"widget\" data-widget_type=\"divider.default\">\n\t\t\t\t<div class=\"elementor-widget-container\">\n\t\t\t\t\t\t\t<div class=\"elementor-divider\">\n\t\t\t<span class=\"elementor-divider-separator\">\n\t\t\t\t\t\t<\/span>\n\t\t<\/div>\n\t\t\t\t\t\t<\/div>\n\t\t\t\t<\/div>\n\t\t\t\t<div class=\"elementor-element elementor-element-17a6a4e elementor-widget elementor-widget-heading\" data-id=\"17a6a4e\" data-element_type=\"widget\" data-e-type=\"widget\" data-widget_type=\"heading.default\">\n\t\t\t\t<div class=\"elementor-widget-container\">\n\t\t\t\t\t<h2 class=\"elementor-heading-title elementor-size-default\">Descubre nuestros shows de magia para toda la familia\n\n\n<\/h2>\t\t\t\t<\/div>\n\t\t\t\t<\/div>\n\t\t\t\t<div class=\"elementor-element elementor-element-cc6831a elementor-widget elementor-widget-text-editor\" data-id=\"cc6831a\" data-element_type=\"widget\" data-e-type=\"widget\" data-widget_type=\"text-editor.default\">\n\t\t\t\t<div class=\"elementor-widget-container\">\n\t\t\t\t\t\t\t\t\t<p><span style=\"font-weight: 400;\">En esta p\u00e1gina encontrar\u00e1s la programaci\u00f3n completa de El Palacio de la Magia: espect\u00e1culos de creaci\u00f3n propia, artistas invitados y experiencias \u00fanicas . Ven a vivir la magia en directo y crea recuerdos inolvidables con tu familia y amigos.<\/span><span style=\"font-weight: 400;\"><br \/><\/span><\/p>\t\t\t\t\t\t\t\t<\/div>\n\t\t\t\t<\/div>\n\t\t\t\t<\/div>\n\t\t\t\t<\/div>\n\t\t\t\t<\/div>\n\t\t","protected":false},"excerpt":{"rendered":"<p>Programaci\u00f3n Pr\u00f3ximos shows de magia en Barcelona Vista Calendario Vista Listado Si no encuentras eventos programados este mes, revisa fechas siguientes. Si no encuentras eventos [&hellip;]<\/p>\n","protected":false},"author":1,"featured_media":0,"parent":0,"menu_order":0,"comment_status":"closed","ping_status":"closed","template":"","meta":{"_uag_custom_page_level_css":"","site-sidebar-layout":"default","site-content-layout":"","ast-site-content-layout":"default","site-content-style":"default","site-sidebar-style":"default","ast-global-header-display":"","ast-banner-title-visibility":"","ast-main-header-display":"","ast-hfb-above-header-display":"","ast-hfb-below-header-display":"","ast-hfb-mobile-header-display":"","site-post-title":"disabled","ast-breadcrumbs-content":"","ast-featured-img":"","footer-sml-layout":"","ast-disable-related-posts":"","theme-transparent-header-meta":"","adv-header-id-meta":"","stick-header-meta":"","header-above-stick-meta":"","header-main-stick-meta":"","header-below-stick-meta":"","astra-migrate-meta-layouts":"set","ast-page-background-enabled":"default","ast-page-background-meta":{"desktop":{"background-color":"var(--ast-global-color-4)","background-image":"","background-repeat":"repeat","background-position":"center center","background-size":"auto","background-attachment":"scroll","background-type":"","background-media":"","overlay-type":"","overlay-color":"","overlay-opacity":"","overlay-gradient":""},"tablet":{"background-color":"","background-image":"","background-repeat":"repeat","background-position":"center center","background-size":"auto","background-attachment":"scroll","background-type":"","background-media":"","overlay-type":"","overlay-color":"","overlay-opacity":"","overlay-gradient":""},"mobile":{"background-color":"","background-image":"","background-repeat":"repeat","background-position":"center center","background-size":"auto","background-attachment":"scroll","background-type":"","background-media":"","overlay-type":"","overlay-color":"","overlay-opacity":"","overlay-gradient":""}},"ast-content-background-meta":{"desktop":{"background-color":"var(--ast-global-color-5)","background-image":"","background-repeat":"repeat","background-position":"center center","background-size":"auto","background-attachment":"scroll","background-type":"","background-media":"","overlay-type":"","overlay-color":"","overlay-opacity":"","overlay-gradient":""},"tablet":{"background-color":"var(--ast-global-color-5)","background-image":"","background-repeat":"repeat","background-position":"center center","background-size":"auto","background-attachment":"scroll","background-type":"","background-media":"","overlay-type":"","overlay-color":"","overlay-opacity":"","overlay-gradient":""},"mobile":{"background-color":"var(--ast-global-color-5)","background-image":"","background-repeat":"repeat","background-position":"center center","background-size":"auto","background-attachment":"scroll","background-type":"","background-media":"","overlay-type":"","overlay-color":"","overlay-opacity":"","overlay-gradient":""}},"footnotes":""},"class_list":["post-3727","page","type-page","status-publish","hentry"],"yoast_head":"<!-- This site is optimized with the Yoast SEO plugin v27.3 - https:\/\/yoast.com\/product\/yoast-seo-wordpress\/ -->\n<title>Programaci\u00f3n - El Palacio De La Magia<\/title>\n<meta name=\"robots\" content=\"index, follow, max-snippet:-1, max-image-preview:large, max-video-preview:-1\" \/>\n<link rel=\"canonical\" href=\"https:\/\/elpalaciodelamagia.com\/en\/programacion\/\" \/>\n<meta property=\"og:locale\" content=\"en_GB\" \/>\n<meta property=\"og:type\" content=\"article\" \/>\n<meta property=\"og:title\" content=\"Programaci\u00f3n - El Palacio De La Magia\" \/>\n<meta property=\"og:description\" content=\"Programaci\u00f3n Pr\u00f3ximos shows de magia en Barcelona Vista Calendario Vista Listado Si no encuentras eventos programados este mes, revisa fechas siguientes. Si no encuentras eventos [&hellip;]\" \/>\n<meta property=\"og:url\" content=\"https:\/\/elpalaciodelamagia.com\/en\/programacion\/\" \/>\n<meta property=\"og:site_name\" content=\"El Palacio De La Magia\" \/>\n<meta property=\"article:modified_time\" content=\"2025-10-17T20:15:36+00:00\" \/>\n<meta property=\"og:image\" content=\"https:\/\/elpalaciodelamagia.com\/wp-content\/uploads\/2025\/08\/shows-de-magia-para-toda-la-familia-barcelona.webp\" \/>\n\t<meta property=\"og:image:width\" content=\"1800\" \/>\n\t<meta property=\"og:image:height\" content=\"1200\" \/>\n\t<meta property=\"og:image:type\" content=\"image\/webp\" \/>\n<meta name=\"twitter:card\" content=\"summary_large_image\" \/>\n<meta name=\"twitter:label1\" content=\"Estimated reading time\" \/>\n\t<meta name=\"twitter:data1\" content=\"1 minute\" \/>\n<script type=\"application\/ld+json\" class=\"yoast-schema-graph\">{\"@context\":\"https:\\\/\\\/schema.org\",\"@graph\":[{\"@type\":\"WebPage\",\"@id\":\"https:\\\/\\\/elpalaciodelamagia.com\\\/programacion\\\/\",\"url\":\"https:\\\/\\\/elpalaciodelamagia.com\\\/programacion\\\/\",\"name\":\"Programaci\u00f3n - El Palacio De La Magia\",\"isPartOf\":{\"@id\":\"https:\\\/\\\/elpalaciodelamagia.com\\\/#website\"},\"primaryImageOfPage\":{\"@id\":\"https:\\\/\\\/elpalaciodelamagia.com\\\/programacion\\\/#primaryimage\"},\"image\":{\"@id\":\"https:\\\/\\\/elpalaciodelamagia.com\\\/programacion\\\/#primaryimage\"},\"thumbnailUrl\":\"https:\\\/\\\/elpalaciodelamagia.com\\\/wp-content\\\/uploads\\\/2025\\\/08\\\/shows-de-magia-para-toda-la-familia-barcelona.webp\",\"datePublished\":\"2025-07-02T15:24:12+00:00\",\"dateModified\":\"2025-10-17T20:15:36+00:00\",\"breadcrumb\":{\"@id\":\"https:\\\/\\\/elpalaciodelamagia.com\\\/programacion\\\/#breadcrumb\"},\"inLanguage\":\"en-GB\",\"potentialAction\":[{\"@type\":\"ReadAction\",\"target\":[\"https:\\\/\\\/elpalaciodelamagia.com\\\/programacion\\\/\"]}]},{\"@type\":\"ImageObject\",\"inLanguage\":\"en-GB\",\"@id\":\"https:\\\/\\\/elpalaciodelamagia.com\\\/programacion\\\/#primaryimage\",\"url\":\"https:\\\/\\\/elpalaciodelamagia.com\\\/wp-content\\\/uploads\\\/2025\\\/08\\\/shows-de-magia-para-toda-la-familia-barcelona.webp\",\"contentUrl\":\"https:\\\/\\\/elpalaciodelamagia.com\\\/wp-content\\\/uploads\\\/2025\\\/08\\\/shows-de-magia-para-toda-la-familia-barcelona.webp\"},{\"@type\":\"BreadcrumbList\",\"@id\":\"https:\\\/\\\/elpalaciodelamagia.com\\\/programacion\\\/#breadcrumb\",\"itemListElement\":[{\"@type\":\"ListItem\",\"position\":1,\"name\":\"Home\",\"item\":\"https:\\\/\\\/elpalaciodelamagia.com\\\/\"},{\"@type\":\"ListItem\",\"position\":2,\"name\":\"Programaci\u00f3n\"}]},{\"@type\":\"WebSite\",\"@id\":\"https:\\\/\\\/elpalaciodelamagia.com\\\/#website\",\"url\":\"https:\\\/\\\/elpalaciodelamagia.com\\\/\",\"name\":\"El Palacio De La Magia\",\"description\":\"Sala Teatro de Magia\",\"publisher\":{\"@id\":\"https:\\\/\\\/elpalaciodelamagia.com\\\/#organization\"},\"potentialAction\":[{\"@type\":\"SearchAction\",\"target\":{\"@type\":\"EntryPoint\",\"urlTemplate\":\"https:\\\/\\\/elpalaciodelamagia.com\\\/?s={search_term_string}\"},\"query-input\":{\"@type\":\"PropertyValueSpecification\",\"valueRequired\":true,\"valueName\":\"search_term_string\"}}],\"inLanguage\":\"en-GB\"},{\"@type\":\"Organization\",\"@id\":\"https:\\\/\\\/elpalaciodelamagia.com\\\/#organization\",\"name\":\"El Palacio De La Magia\",\"url\":\"https:\\\/\\\/elpalaciodelamagia.com\\\/\",\"logo\":{\"@type\":\"ImageObject\",\"inLanguage\":\"en-GB\",\"@id\":\"https:\\\/\\\/elpalaciodelamagia.com\\\/#\\\/schema\\\/logo\\\/image\\\/\",\"url\":\"https:\\\/\\\/elpalaciodelamagia.com\\\/wp-content\\\/uploads\\\/2025\\\/08\\\/Logo_2023_Letras-Blancas-sin-fondo.png\",\"contentUrl\":\"https:\\\/\\\/elpalaciodelamagia.com\\\/wp-content\\\/uploads\\\/2025\\\/08\\\/Logo_2023_Letras-Blancas-sin-fondo.png\",\"width\":560,\"height\":255,\"caption\":\"El Palacio De La Magia\"},\"image\":{\"@id\":\"https:\\\/\\\/elpalaciodelamagia.com\\\/#\\\/schema\\\/logo\\\/image\\\/\"}}]}<\/script>\n<!-- \/ Yoast SEO plugin. -->","yoast_head_json":{"title":"Programaci\u00f3n - El Palacio De La Magia","robots":{"index":"index","follow":"follow","max-snippet":"max-snippet:-1","max-image-preview":"max-image-preview:large","max-video-preview":"max-video-preview:-1"},"canonical":"https:\/\/elpalaciodelamagia.com\/en\/programacion\/","og_locale":"en_GB","og_type":"article","og_title":"Programaci\u00f3n - El Palacio De La Magia","og_description":"Programaci\u00f3n Pr\u00f3ximos shows de magia en Barcelona Vista Calendario Vista Listado Si no encuentras eventos programados este mes, revisa fechas siguientes. Si no encuentras eventos [&hellip;]","og_url":"https:\/\/elpalaciodelamagia.com\/en\/programacion\/","og_site_name":"El Palacio De La Magia","article_modified_time":"2025-10-17T20:15:36+00:00","og_image":[{"width":1800,"height":1200,"url":"https:\/\/elpalaciodelamagia.com\/wp-content\/uploads\/2025\/08\/shows-de-magia-para-toda-la-familia-barcelona.webp","type":"image\/webp"}],"twitter_card":"summary_large_image","twitter_misc":{"Estimated reading time":"1 minute"},"schema":{"@context":"https:\/\/schema.org","@graph":[{"@type":"WebPage","@id":"https:\/\/elpalaciodelamagia.com\/programacion\/","url":"https:\/\/elpalaciodelamagia.com\/programacion\/","name":"Programaci\u00f3n - El Palacio De La Magia","isPartOf":{"@id":"https:\/\/elpalaciodelamagia.com\/#website"},"primaryImageOfPage":{"@id":"https:\/\/elpalaciodelamagia.com\/programacion\/#primaryimage"},"image":{"@id":"https:\/\/elpalaciodelamagia.com\/programacion\/#primaryimage"},"thumbnailUrl":"https:\/\/elpalaciodelamagia.com\/wp-content\/uploads\/2025\/08\/shows-de-magia-para-toda-la-familia-barcelona.webp","datePublished":"2025-07-02T15:24:12+00:00","dateModified":"2025-10-17T20:15:36+00:00","breadcrumb":{"@id":"https:\/\/elpalaciodelamagia.com\/programacion\/#breadcrumb"},"inLanguage":"en-GB","potentialAction":[{"@type":"ReadAction","target":["https:\/\/elpalaciodelamagia.com\/programacion\/"]}]},{"@type":"ImageObject","inLanguage":"en-GB","@id":"https:\/\/elpalaciodelamagia.com\/programacion\/#primaryimage","url":"https:\/\/elpalaciodelamagia.com\/wp-content\/uploads\/2025\/08\/shows-de-magia-para-toda-la-familia-barcelona.webp","contentUrl":"https:\/\/elpalaciodelamagia.com\/wp-content\/uploads\/2025\/08\/shows-de-magia-para-toda-la-familia-barcelona.webp"},{"@type":"BreadcrumbList","@id":"https:\/\/elpalaciodelamagia.com\/programacion\/#breadcrumb","itemListElement":[{"@type":"ListItem","position":1,"name":"Home","item":"https:\/\/elpalaciodelamagia.com\/"},{"@type":"ListItem","position":2,"name":"Programaci\u00f3n"}]},{"@type":"WebSite","@id":"https:\/\/elpalaciodelamagia.com\/#website","url":"https:\/\/elpalaciodelamagia.com\/","name":"The Palace Of The Magic","description":"Sala Teatro de Magia","publisher":{"@id":"https:\/\/elpalaciodelamagia.com\/#organization"},"potentialAction":[{"@type":"SearchAction","target":{"@type":"EntryPoint","urlTemplate":"https:\/\/elpalaciodelamagia.com\/?s={search_term_string}"},"query-input":{"@type":"PropertyValueSpecification","valueRequired":true,"valueName":"search_term_string"}}],"inLanguage":"en-GB"},{"@type":"Organization","@id":"https:\/\/elpalaciodelamagia.com\/#organization","name":"The Palace Of The Magic","url":"https:\/\/elpalaciodelamagia.com\/","logo":{"@type":"ImageObject","inLanguage":"en-GB","@id":"https:\/\/elpalaciodelamagia.com\/#\/schema\/logo\/image\/","url":"https:\/\/elpalaciodelamagia.com\/wp-content\/uploads\/2025\/08\/Logo_2023_Letras-Blancas-sin-fondo.png","contentUrl":"https:\/\/elpalaciodelamagia.com\/wp-content\/uploads\/2025\/08\/Logo_2023_Letras-Blancas-sin-fondo.png","width":560,"height":255,"caption":"El Palacio De La Magia"},"image":{"@id":"https:\/\/elpalaciodelamagia.com\/#\/schema\/logo\/image\/"}}]}},"uagb_featured_image_src":{"full":false,"thumbnail":false,"medium":false,"medium_large":false,"large":false,"1536x1536":false,"2048x2048":false,"trp-custom-language-flag":false,"woocommerce_thumbnail":false,"woocommerce_single":false,"woocommerce_gallery_thumbnail":false},"uagb_author_info":{"display_name":"croldan","author_link":"https:\/\/elpalaciodelamagia.com\/en\/author\/croldan\/"},"uagb_comment_info":0,"uagb_excerpt":"Programaci\u00f3n Pr\u00f3ximos shows de magia en Barcelona Vista Calendario Vista Listado Si no encuentras eventos programados este mes, revisa fechas siguientes. Si no encuentras eventos [&hellip;]","_links":{"self":[{"href":"https:\/\/elpalaciodelamagia.com\/en\/wp-json\/wp\/v2\/pages\/3727","targetHints":{"allow":["GET"]}}],"collection":[{"href":"https:\/\/elpalaciodelamagia.com\/en\/wp-json\/wp\/v2\/pages"}],"about":[{"href":"https:\/\/elpalaciodelamagia.com\/en\/wp-json\/wp\/v2\/types\/page"}],"author":[{"embeddable":true,"href":"https:\/\/elpalaciodelamagia.com\/en\/wp-json\/wp\/v2\/users\/1"}],"replies":[{"embeddable":true,"href":"https:\/\/elpalaciodelamagia.com\/en\/wp-json\/wp\/v2\/comments?post=3727"}],"version-history":[{"count":42,"href":"https:\/\/elpalaciodelamagia.com\/en\/wp-json\/wp\/v2\/pages\/3727\/revisions"}],"predecessor-version":[{"id":4380,"href":"https:\/\/elpalaciodelamagia.com\/en\/wp-json\/wp\/v2\/pages\/3727\/revisions\/4380"}],"wp:attachment":[{"href":"https:\/\/elpalaciodelamagia.com\/en\/wp-json\/wp\/v2\/media?parent=3727"}],"curies":[{"name":"wp","href":"https:\/\/api.w.org\/{rel}","templated":true}]}}