{"id":2046,"date":"2023-03-15T19:23:10","date_gmt":"2023-03-15T18:23:10","guid":{"rendered":"https:\/\/elpalaciodelamagia.com\/?page_id=2046"},"modified":"2023-03-26T23:27:07","modified_gmt":"2023-03-26T21:27:07","slug":"shows-de-magia-para-empresas","status":"publish","type":"page","link":"https:\/\/elpalaciodelamagia.com\/en\/shows-de-magia-para-empresas\/","title":{"rendered":"Magic Shows For Companies"},"content":{"rendered":"\n<div style=\"height:40px\" aria-hidden=\"true\" class=\"wp-block-spacer\"><\/div>\n\n\n\n<h2 class=\"has-text-align-center wp-block-heading\"><em>Shows de Magia Para Empresas<\/em><\/h2>\n\n\n\n<div style=\"height:40px\" aria-hidden=\"true\" class=\"wp-block-spacer\"><\/div>\n\n\n\n<p>En el <strong><mark style=\"background-color:rgba(0, 0, 0, 0)\" class=\"has-inline-color has-ast-global-color-0-color\">Palacio de la Magia<\/mark><\/strong> de Barcelona tenemos Shows de Magia Para Empresas que funcionan muy bien para animar eventos y para plantar la semilla de la motivaci\u00f3n. Estos shows tienen a su vez la flexibilidad de poder presentarse en nuestra sala teatro, o bien llevarlos a tu evento como una especie de \u00ab<strong><a rel=\"noreferrer noopener\" href=\"https:\/\/elpalaciodelamagia.com\/shows-de-magia-para-eventos\/\" target=\"_blank\">delivery<\/a><\/strong>\u00bb de entretenimiento. <\/p>\n\n\n\n<div style=\"height:40px\" aria-hidden=\"true\" class=\"wp-block-spacer\"><\/div>\n\n\n\n<figure class=\"wp-block-image aligncenter size-full has-custom-border\"><img fetchpriority=\"high\" decoding=\"async\" width=\"1024\" height=\"384\" src=\"https:\/\/elpalaciodelamagia.com\/wp-content\/uploads\/2023\/03\/Doma-tus-miedos-espectaculo-corporativo-maximiliano-stia.webp\" alt=\"Doma-tus-miedos-show-corporativo-palacio de la magia\" class=\"has-border-color has-ast-global-color-0-border-color wp-image-2238\" style=\"border-width:2px\" srcset=\"https:\/\/elpalaciodelamagia.com\/wp-content\/uploads\/2023\/03\/Doma-tus-miedos-espectaculo-corporativo-maximiliano-stia.webp 1024w, https:\/\/elpalaciodelamagia.com\/wp-content\/uploads\/2023\/03\/Doma-tus-miedos-espectaculo-corporativo-maximiliano-stia-300x113.webp 300w, https:\/\/elpalaciodelamagia.com\/wp-content\/uploads\/2023\/03\/Doma-tus-miedos-espectaculo-corporativo-maximiliano-stia-768x288.webp 768w, https:\/\/elpalaciodelamagia.com\/wp-content\/uploads\/2023\/03\/Doma-tus-miedos-espectaculo-corporativo-maximiliano-stia-600x225.webp 600w\" sizes=\"(max-width: 1024px) 100vw, 1024px\" \/><\/figure>\n\n\n\n<div style=\"height:70px\" aria-hidden=\"true\" class=\"wp-block-spacer\"><\/div>\n\n\n\n<p>Si optas por la primera opci\u00f3n, traer a tu empresa al Palacio de La Magia, tendr\u00e1s una sesi\u00f3n dise\u00f1ada exclusivamente para tu empresa, que bien podr\u00eda ser el evento previo a una cena, o bien ser el cierre sorpresa de una ruta previamente planificada. \u00a1Imagina a tu equipo de trabajo lo agasajado que se sentar\u00e1 al saber que que el show es solo para ellos! <\/p>\n\n\n\n<div style=\"height:20px\" aria-hidden=\"true\" class=\"wp-block-spacer\"><\/div>\n\n\n\n<h4 class=\"has-text-align-center wp-block-heading\">Shows de Magia Para Empresas Delivery<\/h4>\n\n\n\n<p>La segunda opci\u00f3n \u00abdelivery\u00bb es<strong> llevar cualquiera de nuestros shows<\/strong> art\u00edsticos y motivadores a tu evento, tenemos shows de magia pensados exclusivamente para empresas y un mont\u00f3n m\u00e1s que funcionan genial como entretenimiento.  <\/p>\n\n\n\n<div style=\"height:70px\" aria-hidden=\"true\" class=\"wp-block-spacer\"><\/div>\n\n\n\n<div class=\"wp-block-media-text alignwide is-stacked-on-mobile\" style=\"grid-template-columns:48% auto\"><figure class=\"wp-block-media-text__media\"><img decoding=\"async\" width=\"1000\" height=\"667\" src=\"https:\/\/elpalaciodelamagia.com\/wp-content\/uploads\/2023\/03\/Doma-tus-miedos-empresas-el-palacio-de-la-magia.webp\" alt=\"Doma-tus-miedos-empresas-el-palacio-de-la-magia\" class=\"wp-image-2237 size-full\" srcset=\"https:\/\/elpalaciodelamagia.com\/wp-content\/uploads\/2023\/03\/Doma-tus-miedos-empresas-el-palacio-de-la-magia.webp 1000w, https:\/\/elpalaciodelamagia.com\/wp-content\/uploads\/2023\/03\/Doma-tus-miedos-empresas-el-palacio-de-la-magia-300x200.webp 300w, https:\/\/elpalaciodelamagia.com\/wp-content\/uploads\/2023\/03\/Doma-tus-miedos-empresas-el-palacio-de-la-magia-768x512.webp 768w, https:\/\/elpalaciodelamagia.com\/wp-content\/uploads\/2023\/03\/Doma-tus-miedos-empresas-el-palacio-de-la-magia-600x400.webp 600w\" sizes=\"(max-width: 1000px) 100vw, 1000px\" \/><\/figure><div class=\"wp-block-media-text__content\">\n<h3 class=\"wp-block-heading\"><em>Doma tus Miedos<\/em><\/h3>\n\n\n\n<p>Un espect\u00e1culo de magia motivador y sorprendente pensado para eventos corporativos. Es un <strong><mark style=\"background-color:rgba(0, 0, 0, 0)\" class=\"has-inline-color has-ast-global-color-0-color\">show que proyecta un mensaje de superaci\u00f3n<\/mark><\/strong> a la vez que el p\u00fablico se entretiene y divierte. Est\u00e1 enfocado a estar preparados en afrontar nuevos cambios pero sin miedos. Conoce <a rel=\"noreferrer noopener\" href=\"https:\/\/www.maximilianostia.com\/espectaculo-de-magia-doma-tus-miedos\/\" target=\"_blank\">m\u00e1s de este show.<\/a><\/p>\n<\/div><\/div>\n\n\n\n<div style=\"height:70px\" aria-hidden=\"true\" class=\"wp-block-spacer\"><\/div>\n\n\n\n<div class=\"wp-block-media-text alignwide is-stacked-on-mobile\" style=\"grid-template-columns:48% auto\"><figure class=\"wp-block-media-text__media\"><img decoding=\"async\" width=\"1001\" height=\"667\" src=\"https:\/\/elpalaciodelamagia.com\/wp-content\/uploads\/2023\/03\/Maximiliano_Stia_The_Showman_Barcelona-e1679401882567.jpg\" alt=\"palacio de la magia_The_Showman_Barcelona\" class=\"wp-image-2014 size-full\" srcset=\"https:\/\/elpalaciodelamagia.com\/wp-content\/uploads\/2023\/03\/Maximiliano_Stia_The_Showman_Barcelona-e1679401882567.jpg 1001w, https:\/\/elpalaciodelamagia.com\/wp-content\/uploads\/2023\/03\/Maximiliano_Stia_The_Showman_Barcelona-e1679401882567-300x200.jpg 300w, https:\/\/elpalaciodelamagia.com\/wp-content\/uploads\/2023\/03\/Maximiliano_Stia_The_Showman_Barcelona-e1679401882567-768x512.jpg 768w, https:\/\/elpalaciodelamagia.com\/wp-content\/uploads\/2023\/03\/Maximiliano_Stia_The_Showman_Barcelona-e1679401882567-600x400.jpg 600w\" sizes=\"(max-width: 1001px) 100vw, 1001px\" \/><\/figure><div class=\"wp-block-media-text__content\">\n<h3 class=\"wp-block-heading\"><em>After Work<\/em><\/h3>\n\n\n\n<p>Sabias que trabajar en un entorno donde te valoran, te respetan y apuestan por tu bienestar, genera mayor productividad, menos bajas y buen ambiente laboral \u00a1Todos salen ganando! <strong><mark style=\"background-color:rgba(0, 0, 0, 0)\" class=\"has-inline-color has-ast-global-color-0-color\">Creamos momentos inolvidables <\/mark><\/strong>y personalizados para las empresas que apuestan por sus empleados. <strong>Contacta<\/strong> para m\u00e1s informaci\u00f3n.<\/p>\n<\/div><\/div>\n\n\n\n<div class=\"wp-block-columns is-layout-flex wp-container-core-columns-is-layout-28f84493 wp-block-columns-is-layout-flex\">\n<div class=\"wp-block-column is-layout-flow wp-block-column-is-layout-flow\" style=\"flex-basis:100%\">\n<div style=\"height:77px\" aria-hidden=\"true\" class=\"wp-block-spacer\"><\/div>\n<\/div>\n<\/div>\n\n\n\n<figure class=\"wp-block-image aligncenter size-full\"><img loading=\"lazy\" decoding=\"async\" width=\"400\" height=\"53\" src=\"https:\/\/elpalaciodelamagia.com\/wp-content\/uploads\/2023\/03\/ornamento-dorado-palacio.png\" alt=\"ornamento-dorado-palacio\" class=\"wp-image-1801\" srcset=\"https:\/\/elpalaciodelamagia.com\/wp-content\/uploads\/2023\/03\/ornamento-dorado-palacio.png 400w, https:\/\/elpalaciodelamagia.com\/wp-content\/uploads\/2023\/03\/ornamento-dorado-palacio-300x40.png 300w\" sizes=\"(max-width: 400px) 100vw, 400px\" \/><\/figure>\n\n\n\n<div style=\"height:40px\" aria-hidden=\"true\" class=\"wp-block-spacer\"><\/div>\n\n\n\n<div class=\"inherit-container-width wp-block-group alignfull has-background is-layout-constrained wp-block-group-is-layout-constrained\" style=\"border-style:none;border-width:0px;background-color:#0f0f51\"><div class=\"wp-block-group__inner-container\">\n<div class=\"wp-block-media-text alignwide is-stacked-on-mobile is-vertically-aligned-center is-image-fill has-ast-global-color-0-color has-text-color has-background\" style=\"background-color:#0f0f51;margin-top:0px;margin-right:0px;margin-bottom:0px;margin-left:0px;grid-template-columns:45% auto\"><figure class=\"wp-block-media-text__media\" style=\"background-image:url(https:\/\/elpalaciodelamagia.com\/wp-content\/uploads\/2023\/03\/Mago-sobre-escenario-Palacio-de-la-magia.webp);background-position:41% 40%\"><img loading=\"lazy\" decoding=\"async\" width=\"1000\" height=\"800\" src=\"https:\/\/elpalaciodelamagia.com\/wp-content\/uploads\/2023\/03\/Mago-sobre-escenario-Palacio-de-la-magia.webp\" alt=\"El Palacio de la magia Show para empresas\" class=\"wp-image-1988 size-full\" srcset=\"https:\/\/elpalaciodelamagia.com\/wp-content\/uploads\/2023\/03\/Mago-sobre-escenario-Palacio-de-la-magia.webp 1000w, https:\/\/elpalaciodelamagia.com\/wp-content\/uploads\/2023\/03\/Mago-sobre-escenario-Palacio-de-la-magia-300x240.webp 300w, https:\/\/elpalaciodelamagia.com\/wp-content\/uploads\/2023\/03\/Mago-sobre-escenario-Palacio-de-la-magia-768x614.webp 768w, https:\/\/elpalaciodelamagia.com\/wp-content\/uploads\/2023\/03\/Mago-sobre-escenario-Palacio-de-la-magia-600x480.webp 600w\" sizes=\"(max-width: 1000px) 100vw, 1000px\" \/><\/figure><div class=\"wp-block-media-text__content\">\n<h5 class=\"has-text-color wp-block-heading\" style=\"color:#d7d7d7\">Esperamos tu consulta<\/h5>\n\n\n\n<h2 class=\"has-text-color wp-block-heading\" style=\"color:#ffffff\"><em>Formulario de Contacto<\/em><\/h2>\n\n\n<div class=\"wpforms-container \" id=\"wpforms-1309\"><form id=\"wpforms-form-1309\" class=\"wpforms-validate wpforms-form\" data-formid=\"1309\" method=\"post\" enctype=\"multipart\/form-data\" action=\"\/en\/wp-json\/wp\/v2\/pages\/2046\" data-token=\"cf71815f01426807da08544eff2ecd3f\"><noscript class=\"wpforms-error-noscript\">Please enable JavaScript in your browser to complete this form.<\/noscript><div class=\"wpforms-field-container\"><div id=\"wpforms-1309-field_1-container\" class=\"wpforms-field wpforms-field-name\" data-field-id=\"1\"><label class=\"wpforms-field-label\" for=\"wpforms-1309-field_1\">Nombre <span class=\"wpforms-required-label\">*<\/span><\/label><input type=\"text\" id=\"wpforms-1309-field_1\" class=\"wpforms-field-large wpforms-field-required\" name=\"wpforms[fields][1]\" placeholder=\"Mucho Gusto *\" required><\/div><div id=\"wpforms-1309-field_2-container\" class=\"wpforms-field wpforms-field-email\" data-field-id=\"2\"><label class=\"wpforms-field-label\" for=\"wpforms-1309-field_2\">Email <span class=\"wpforms-required-label\">*<\/span><\/label><input type=\"email\" id=\"wpforms-1309-field_2\" class=\"wpforms-field-large wpforms-field-required\" name=\"wpforms[fields][2]\" placeholder=\"No hacemos Spam*\" required><\/div><div id=\"wpforms-1309-field_5-container\" class=\"wpforms-field wpforms-field-phone\" data-field-id=\"5\"><label class=\"wpforms-field-label\" for=\"wpforms-1309-field_5\">Tel\u00e9fono \/ Whatsapp <span class=\"wpforms-required-label\">*<\/span><\/label><input type=\"tel\" id=\"wpforms-1309-field_5\" class=\"wpforms-field-medium wpforms-field-required wpforms-smart-phone-field\" data-rule-smart-phone-field=\"true\" name=\"wpforms[fields][5]\" placeholder=\"Te llamamos solo si lo pides\" required><\/div><div id=\"wpforms-1309-field_7-container\" class=\"wpforms-field wpforms-field-select wpforms-field-select-style-classic\" data-field-id=\"7\"><label class=\"wpforms-field-label\" for=\"wpforms-1309-field_7\">\u00bfQue Servicio te interesa?<\/label><select id=\"wpforms-1309-field_7\" class=\"wpforms-field-medium\" name=\"wpforms[fields][7]\"><option value=\"Comprar Tickets de Shows\" >Comprar Tickets de Shows<\/option><option value=\"Escuela de Magia\" >Escuela de Magia<\/option><option value=\"Shows Empresas\" >Shows Empresas<\/option><option value=\"Shows Delivery (para tus eventos)\" >Shows Delivery (para tus eventos)<\/option><option value=\"Otros\" >Otros<\/option><\/select><\/div><div id=\"wpforms-1309-field_4-container\" class=\"wpforms-field wpforms-field-textarea\" data-field-id=\"4\"><label class=\"wpforms-field-label\" for=\"wpforms-1309-field_4\">Comentarios <span class=\"wpforms-required-label\">*<\/span><\/label><textarea id=\"wpforms-1309-field_4\" class=\"wpforms-field-medium wpforms-field-required\" name=\"wpforms[fields][4]\" placeholder=\"Te responderemos en breve*\" required><\/textarea><\/div><\/div><div class=\"wpforms-submit-container\"><input type=\"hidden\" name=\"wpforms[id]\" value=\"1309\"><input type=\"hidden\" name=\"wpforms[author]\" value=\"1\"><button type=\"submit\" name=\"wpforms[submit]\" id=\"wpforms-submit-1309\" class=\"wpforms-submit\" data-alt-text=\"Enviado...\" data-submit-text=\"\u00a1Hablemos!\" aria-live=\"assertive\" value=\"wpforms-submit\">\u00a1Hablemos!<\/button><\/div><\/form><\/div>  <!-- .wpforms-container --><\/div><\/div>\n<\/div><\/div>\n","protected":false},"excerpt":{"rendered":"<p>Shows de Magia Para Empresas En el Palacio de la Magia de Barcelona tenemos Shows de Magia Para Empresas que funcionan muy bien para animar [&hellip;]<\/p>\n","protected":false},"author":1,"featured_media":0,"parent":0,"menu_order":6,"comment_status":"closed","ping_status":"closed","template":"","meta":{"_uag_custom_page_level_css":"","site-sidebar-layout":"default","site-content-layout":"plain-container","ast-site-content-layout":"default","site-content-style":"default","site-sidebar-style":"default","ast-global-header-display":"","ast-banner-title-visibility":"","ast-main-header-display":"","ast-hfb-above-header-display":"","ast-hfb-below-header-display":"","ast-hfb-mobile-header-display":"","site-post-title":"disabled","ast-breadcrumbs-content":"","ast-featured-img":"","footer-sml-layout":"","ast-disable-related-posts":"","theme-transparent-header-meta":"","adv-header-id-meta":"","stick-header-meta":"","header-above-stick-meta":"","header-main-stick-meta":"","header-below-stick-meta":"","astra-migrate-meta-layouts":"default","ast-page-background-enabled":"default","ast-page-background-meta":{"desktop":{"background-color":"var(--ast-global-color-4)","background-image":"","background-repeat":"repeat","background-position":"center center","background-size":"auto","background-attachment":"scroll","background-type":"","background-media":"","overlay-type":"","overlay-color":"","overlay-opacity":"","overlay-gradient":""},"tablet":{"background-color":"","background-image":"","background-repeat":"repeat","background-position":"center center","background-size":"auto","background-attachment":"scroll","background-type":"","background-media":"","overlay-type":"","overlay-color":"","overlay-opacity":"","overlay-gradient":""},"mobile":{"background-color":"","background-image":"","background-repeat":"repeat","background-position":"center center","background-size":"auto","background-attachment":"scroll","background-type":"","background-media":"","overlay-type":"","overlay-color":"","overlay-opacity":"","overlay-gradient":""}},"ast-content-background-meta":{"desktop":{"background-color":"var(--ast-global-color-5)","background-image":"","background-repeat":"repeat","background-position":"center center","background-size":"auto","background-attachment":"scroll","background-type":"","background-media":"","overlay-type":"","overlay-color":"","overlay-opacity":"","overlay-gradient":""},"tablet":{"background-color":"var(--ast-global-color-5)","background-image":"","background-repeat":"repeat","background-position":"center center","background-size":"auto","background-attachment":"scroll","background-type":"","background-media":"","overlay-type":"","overlay-color":"","overlay-opacity":"","overlay-gradient":""},"mobile":{"background-color":"var(--ast-global-color-5)","background-image":"","background-repeat":"repeat","background-position":"center center","background-size":"auto","background-attachment":"scroll","background-type":"","background-media":"","overlay-type":"","overlay-color":"","overlay-opacity":"","overlay-gradient":""}},"footnotes":""},"class_list":["post-2046","page","type-page","status-publish","hentry"],"yoast_head":"<!-- This site is optimized with the Yoast SEO plugin v27.3 - https:\/\/yoast.com\/product\/yoast-seo-wordpress\/ -->\n<title>Shows de Magia Para Empresas - El Palacio De La Magia<\/title>\n<meta name=\"description\" content=\"Tenemos exclusivos Shows de Magia para Empresas pensados y dise\u00f1ados para entretener y divertir a tu personal. Reservar nuestra sala o llevarlos a tu evento\" \/>\n<meta name=\"robots\" content=\"index, follow, max-snippet:-1, max-image-preview:large, max-video-preview:-1\" \/>\n<link rel=\"canonical\" href=\"https:\/\/elpalaciodelamagia.com\/en\/shows-de-magia-para-empresas\/\" \/>\n<meta property=\"og:locale\" content=\"en_GB\" \/>\n<meta property=\"og:type\" content=\"article\" \/>\n<meta property=\"og:title\" content=\"Shows de Magia Para Empresas - El Palacio De La Magia\" \/>\n<meta property=\"og:description\" content=\"Tenemos exclusivos Shows de Magia para Empresas pensados y dise\u00f1ados para entretener y divertir a tu personal. Reservar nuestra sala o llevarlos a tu evento\" \/>\n<meta property=\"og:url\" content=\"https:\/\/elpalaciodelamagia.com\/en\/shows-de-magia-para-empresas\/\" \/>\n<meta property=\"og:site_name\" content=\"El Palacio De La Magia\" \/>\n<meta property=\"article:modified_time\" content=\"2023-03-26T21:27:07+00:00\" \/>\n<meta property=\"og:image\" content=\"https:\/\/elpalaciodelamagia.com\/wp-content\/uploads\/2023\/03\/Doma-tus-miedos-espectaculo-corporativo-maximiliano-stia.webp\" \/>\n\t<meta property=\"og:image:width\" content=\"1024\" \/>\n\t<meta property=\"og:image:height\" content=\"384\" \/>\n\t<meta property=\"og:image:type\" content=\"image\/webp\" \/>\n<meta name=\"twitter:card\" content=\"summary_large_image\" \/>\n<meta name=\"twitter:label1\" content=\"Estimated reading time\" \/>\n\t<meta name=\"twitter:data1\" content=\"1 minute\" \/>\n<script type=\"application\/ld+json\" class=\"yoast-schema-graph\">{\"@context\":\"https:\\\/\\\/schema.org\",\"@graph\":[{\"@type\":\"WebPage\",\"@id\":\"https:\\\/\\\/elpalaciodelamagia.com\\\/shows-de-magia-para-empresas\\\/\",\"url\":\"https:\\\/\\\/elpalaciodelamagia.com\\\/shows-de-magia-para-empresas\\\/\",\"name\":\"Shows de Magia Para Empresas - El Palacio De La Magia\",\"isPartOf\":{\"@id\":\"https:\\\/\\\/elpalaciodelamagia.com\\\/#website\"},\"primaryImageOfPage\":{\"@id\":\"https:\\\/\\\/elpalaciodelamagia.com\\\/shows-de-magia-para-empresas\\\/#primaryimage\"},\"image\":{\"@id\":\"https:\\\/\\\/elpalaciodelamagia.com\\\/shows-de-magia-para-empresas\\\/#primaryimage\"},\"thumbnailUrl\":\"https:\\\/\\\/elpalaciodelamagia.com\\\/wp-content\\\/uploads\\\/2023\\\/03\\\/Doma-tus-miedos-espectaculo-corporativo-maximiliano-stia.webp\",\"datePublished\":\"2023-03-15T18:23:10+00:00\",\"dateModified\":\"2023-03-26T21:27:07+00:00\",\"description\":\"Tenemos exclusivos Shows de Magia para Empresas pensados y dise\u00f1ados para entretener y divertir a tu personal. Reservar nuestra sala o llevarlos a tu evento\",\"breadcrumb\":{\"@id\":\"https:\\\/\\\/elpalaciodelamagia.com\\\/shows-de-magia-para-empresas\\\/#breadcrumb\"},\"inLanguage\":\"en-GB\",\"potentialAction\":[{\"@type\":\"ReadAction\",\"target\":[\"https:\\\/\\\/elpalaciodelamagia.com\\\/shows-de-magia-para-empresas\\\/\"]}]},{\"@type\":\"ImageObject\",\"inLanguage\":\"en-GB\",\"@id\":\"https:\\\/\\\/elpalaciodelamagia.com\\\/shows-de-magia-para-empresas\\\/#primaryimage\",\"url\":\"https:\\\/\\\/elpalaciodelamagia.com\\\/wp-content\\\/uploads\\\/2023\\\/03\\\/Doma-tus-miedos-espectaculo-corporativo-maximiliano-stia.webp\",\"contentUrl\":\"https:\\\/\\\/elpalaciodelamagia.com\\\/wp-content\\\/uploads\\\/2023\\\/03\\\/Doma-tus-miedos-espectaculo-corporativo-maximiliano-stia.webp\"},{\"@type\":\"BreadcrumbList\",\"@id\":\"https:\\\/\\\/elpalaciodelamagia.com\\\/shows-de-magia-para-empresas\\\/#breadcrumb\",\"itemListElement\":[{\"@type\":\"ListItem\",\"position\":1,\"name\":\"Home\",\"item\":\"https:\\\/\\\/elpalaciodelamagia.com\\\/\"},{\"@type\":\"ListItem\",\"position\":2,\"name\":\"Shows de Magia Para Empresas\"}]},{\"@type\":\"WebSite\",\"@id\":\"https:\\\/\\\/elpalaciodelamagia.com\\\/#website\",\"url\":\"https:\\\/\\\/elpalaciodelamagia.com\\\/\",\"name\":\"El Palacio De La Magia\",\"description\":\"Sala Teatro de Magia\",\"publisher\":{\"@id\":\"https:\\\/\\\/elpalaciodelamagia.com\\\/#organization\"},\"potentialAction\":[{\"@type\":\"SearchAction\",\"target\":{\"@type\":\"EntryPoint\",\"urlTemplate\":\"https:\\\/\\\/elpalaciodelamagia.com\\\/?s={search_term_string}\"},\"query-input\":{\"@type\":\"PropertyValueSpecification\",\"valueRequired\":true,\"valueName\":\"search_term_string\"}}],\"inLanguage\":\"en-GB\"},{\"@type\":\"Organization\",\"@id\":\"https:\\\/\\\/elpalaciodelamagia.com\\\/#organization\",\"name\":\"El Palacio De La Magia\",\"url\":\"https:\\\/\\\/elpalaciodelamagia.com\\\/\",\"logo\":{\"@type\":\"ImageObject\",\"inLanguage\":\"en-GB\",\"@id\":\"https:\\\/\\\/elpalaciodelamagia.com\\\/#\\\/schema\\\/logo\\\/image\\\/\",\"url\":\"https:\\\/\\\/elpalaciodelamagia.com\\\/wp-content\\\/uploads\\\/2025\\\/08\\\/Logo_2023_Letras-Blancas-sin-fondo.png\",\"contentUrl\":\"https:\\\/\\\/elpalaciodelamagia.com\\\/wp-content\\\/uploads\\\/2025\\\/08\\\/Logo_2023_Letras-Blancas-sin-fondo.png\",\"width\":560,\"height\":255,\"caption\":\"El Palacio De La Magia\"},\"image\":{\"@id\":\"https:\\\/\\\/elpalaciodelamagia.com\\\/#\\\/schema\\\/logo\\\/image\\\/\"}}]}<\/script>\n<!-- \/ Yoast SEO plugin. -->","yoast_head_json":{"title":"Shows de Magia Para Empresas - El Palacio De La Magia","description":"Tenemos exclusivos Shows de Magia para Empresas pensados y dise\u00f1ados para entretener y divertir a tu personal. Reservar nuestra sala o llevarlos a tu evento","robots":{"index":"index","follow":"follow","max-snippet":"max-snippet:-1","max-image-preview":"max-image-preview:large","max-video-preview":"max-video-preview:-1"},"canonical":"https:\/\/elpalaciodelamagia.com\/en\/shows-de-magia-para-empresas\/","og_locale":"en_GB","og_type":"article","og_title":"Shows de Magia Para Empresas - El Palacio De La Magia","og_description":"Tenemos exclusivos Shows de Magia para Empresas pensados y dise\u00f1ados para entretener y divertir a tu personal. Reservar nuestra sala o llevarlos a tu evento","og_url":"https:\/\/elpalaciodelamagia.com\/en\/shows-de-magia-para-empresas\/","og_site_name":"El Palacio De La Magia","article_modified_time":"2023-03-26T21:27:07+00:00","og_image":[{"width":1024,"height":384,"url":"https:\/\/elpalaciodelamagia.com\/wp-content\/uploads\/2023\/03\/Doma-tus-miedos-espectaculo-corporativo-maximiliano-stia.webp","type":"image\/webp"}],"twitter_card":"summary_large_image","twitter_misc":{"Estimated reading time":"1 minute"},"schema":{"@context":"https:\/\/schema.org","@graph":[{"@type":"WebPage","@id":"https:\/\/elpalaciodelamagia.com\/shows-de-magia-para-empresas\/","url":"https:\/\/elpalaciodelamagia.com\/shows-de-magia-para-empresas\/","name":"Shows de Magia Para Empresas - El Palacio De La Magia","isPartOf":{"@id":"https:\/\/elpalaciodelamagia.com\/#website"},"primaryImageOfPage":{"@id":"https:\/\/elpalaciodelamagia.com\/shows-de-magia-para-empresas\/#primaryimage"},"image":{"@id":"https:\/\/elpalaciodelamagia.com\/shows-de-magia-para-empresas\/#primaryimage"},"thumbnailUrl":"https:\/\/elpalaciodelamagia.com\/wp-content\/uploads\/2023\/03\/Doma-tus-miedos-espectaculo-corporativo-maximiliano-stia.webp","datePublished":"2023-03-15T18:23:10+00:00","dateModified":"2023-03-26T21:27:07+00:00","description":"Tenemos exclusivos Shows de Magia para Empresas pensados y dise\u00f1ados para entretener y divertir a tu personal. Reservar nuestra sala o llevarlos a tu evento","breadcrumb":{"@id":"https:\/\/elpalaciodelamagia.com\/shows-de-magia-para-empresas\/#breadcrumb"},"inLanguage":"en-GB","potentialAction":[{"@type":"ReadAction","target":["https:\/\/elpalaciodelamagia.com\/shows-de-magia-para-empresas\/"]}]},{"@type":"ImageObject","inLanguage":"en-GB","@id":"https:\/\/elpalaciodelamagia.com\/shows-de-magia-para-empresas\/#primaryimage","url":"https:\/\/elpalaciodelamagia.com\/wp-content\/uploads\/2023\/03\/Doma-tus-miedos-espectaculo-corporativo-maximiliano-stia.webp","contentUrl":"https:\/\/elpalaciodelamagia.com\/wp-content\/uploads\/2023\/03\/Doma-tus-miedos-espectaculo-corporativo-maximiliano-stia.webp"},{"@type":"BreadcrumbList","@id":"https:\/\/elpalaciodelamagia.com\/shows-de-magia-para-empresas\/#breadcrumb","itemListElement":[{"@type":"ListItem","position":1,"name":"Home","item":"https:\/\/elpalaciodelamagia.com\/"},{"@type":"ListItem","position":2,"name":"Shows de Magia Para Empresas"}]},{"@type":"WebSite","@id":"https:\/\/elpalaciodelamagia.com\/#website","url":"https:\/\/elpalaciodelamagia.com\/","name":"The Palace Of The Magic","description":"Sala Teatro de Magia","publisher":{"@id":"https:\/\/elpalaciodelamagia.com\/#organization"},"potentialAction":[{"@type":"SearchAction","target":{"@type":"EntryPoint","urlTemplate":"https:\/\/elpalaciodelamagia.com\/?s={search_term_string}"},"query-input":{"@type":"PropertyValueSpecification","valueRequired":true,"valueName":"search_term_string"}}],"inLanguage":"en-GB"},{"@type":"Organization","@id":"https:\/\/elpalaciodelamagia.com\/#organization","name":"The Palace Of The Magic","url":"https:\/\/elpalaciodelamagia.com\/","logo":{"@type":"ImageObject","inLanguage":"en-GB","@id":"https:\/\/elpalaciodelamagia.com\/#\/schema\/logo\/image\/","url":"https:\/\/elpalaciodelamagia.com\/wp-content\/uploads\/2025\/08\/Logo_2023_Letras-Blancas-sin-fondo.png","contentUrl":"https:\/\/elpalaciodelamagia.com\/wp-content\/uploads\/2025\/08\/Logo_2023_Letras-Blancas-sin-fondo.png","width":560,"height":255,"caption":"El Palacio De La Magia"},"image":{"@id":"https:\/\/elpalaciodelamagia.com\/#\/schema\/logo\/image\/"}}]}},"uagb_featured_image_src":{"full":false,"thumbnail":false,"medium":false,"medium_large":false,"large":false,"1536x1536":false,"2048x2048":false,"trp-custom-language-flag":false,"woocommerce_thumbnail":false,"woocommerce_single":false,"woocommerce_gallery_thumbnail":false},"uagb_author_info":{"display_name":"croldan","author_link":"https:\/\/elpalaciodelamagia.com\/en\/author\/croldan\/"},"uagb_comment_info":0,"uagb_excerpt":"Shows de Magia Para Empresas En el Palacio de la Magia de Barcelona tenemos Shows de Magia Para Empresas que funcionan muy bien para animar [&hellip;]","_links":{"self":[{"href":"https:\/\/elpalaciodelamagia.com\/en\/wp-json\/wp\/v2\/pages\/2046","targetHints":{"allow":["GET"]}}],"collection":[{"href":"https:\/\/elpalaciodelamagia.com\/en\/wp-json\/wp\/v2\/pages"}],"about":[{"href":"https:\/\/elpalaciodelamagia.com\/en\/wp-json\/wp\/v2\/types\/page"}],"author":[{"embeddable":true,"href":"https:\/\/elpalaciodelamagia.com\/en\/wp-json\/wp\/v2\/users\/1"}],"replies":[{"embeddable":true,"href":"https:\/\/elpalaciodelamagia.com\/en\/wp-json\/wp\/v2\/comments?post=2046"}],"version-history":[{"count":44,"href":"https:\/\/elpalaciodelamagia.com\/en\/wp-json\/wp\/v2\/pages\/2046\/revisions"}],"predecessor-version":[{"id":2620,"href":"https:\/\/elpalaciodelamagia.com\/en\/wp-json\/wp\/v2\/pages\/2046\/revisions\/2620"}],"wp:attachment":[{"href":"https:\/\/elpalaciodelamagia.com\/en\/wp-json\/wp\/v2\/media?parent=2046"}],"curies":[{"name":"wp","href":"https:\/\/api.w.org\/{rel}","templated":true}]}}