{"id":1068,"date":"2021-04-12T05:26:35","date_gmt":"2021-04-12T03:26:35","guid":{"rendered":"https:\/\/maximagia.com\/about\/"},"modified":"2024-05-03T19:31:17","modified_gmt":"2024-05-03T17:31:17","slug":"escuela-de-magia","status":"publish","type":"page","link":"https:\/\/elpalaciodelamagia.com\/en\/escuela-de-magia\/","title":{"rendered":"School of magic"},"content":{"rendered":"\n<div class=\"wp-block-uagb-container uagb-block-9fa2e190 alignfull uagb-is-root-container\"><div class=\"uagb-container-inner-blocks-wrap\">\n<div class=\"wp-block-uagb-advanced-heading uagb-block-b05f265d\"><h1 class=\"uagb-heading-text\"><em>Escuela de Magia<\/em> <\/h1><p class=\"uagb-desc-text\">Bienvenidos a la escuela de magia del <strong><mark style=\"background-color:rgba(0, 0, 0, 0)\" class=\"has-inline-color has-ast-global-color-0-color\">Palacio de la magia<\/mark><\/strong> en Barcelona, un lugar m\u00e1gico donde los ni\u00f1os pueden aprender los trucos m\u00e1s incre\u00edbles de la mano de uno de los mejores magos de circos de Espa\u00f1a, Maximiliano Stia.<\/p><\/div>\n<\/div><\/div>\n\n\n\n<div class=\"wp-block-uagb-container uagb-block-b357503a alignfull uagb-is-root-container\"><div class=\"uagb-container-inner-blocks-wrap\">\n<div class=\"wp-block-uagb-container uagb-block-25edf76e\">\n<div class=\"wp-block-uagb-advanced-heading uagb-block-479640eb\"><h2 class=\"uagb-heading-text\"><em>Magia para Ni\u00f1os<\/em><\/h2><\/div>\n\n\n\n<div class=\"wp-block-uagb-info-box uagb-block-329eda21 uagb-infobox__content-wrap  uagb-infobox-icon-above-title uagb-infobox-image-valign-top\"><div class=\"uagb-ifb-content\"><div class=\"uagb-ifb-title-wrap\"><h5 class=\"uagb-ifb-title\"><em>\u00bfA qui\u00e9n va dirigida la Escuela de Magia?<\/em><\/h5><\/div><p class=\"uagb-ifb-desc\">Si tus hijos tienen entre 7 y 12 a\u00f1os, esta es la oportunidad perfecta para que aprendan los secretos de la magia mientras se divierten y hacen nuevos amigos en nuestro peque\u00f1o teatro familiar en Barcelona<\/p><\/div><\/div>\n\n\n\n<div class=\"wp-block-uagb-info-box uagb-block-01f0935a uagb-infobox__content-wrap  uagb-infobox-icon-above-title uagb-infobox-image-valign-top\"><div class=\"uagb-ifb-content\"><div class=\"uagb-ifb-title-wrap\"><h5 class=\"uagb-ifb-title\"><em>\u00bfQui\u00e9n es Maximiliano Stia?<\/em><\/h5><\/div><p class=\"uagb-ifb-desc\">Adem\u00e1s de ser un famoso mago de circo con m\u00e1s de 25 a\u00f1os de experiencia, es el director de la escuela de magia. Con su amplio conocimiento y su carisma \u00fanico, <a rel=\"noreferrer noopener\" href=\"https:\/\/www.maximilianostia.com\/\" target=\"_blank\"><strong>Maximiliano<\/strong><\/a> ha desarrollado un plan de ense\u00f1anza basado en el aprendizaje divertido y la empat\u00eda con los estudiantes, es un apasionado de la ense\u00f1anza y la transmisi\u00f3n de conocimientos a los m\u00e1s j\u00f3venes.<\/p><\/div><\/div>\n\n\n\n<div class=\"wp-block-uagb-info-box uagb-block-89b1129d uagb-infobox__content-wrap  uagb-infobox-icon-above-title uagb-infobox-image-valign-top\"><div class=\"uagb-ifb-content\"><div class=\"uagb-ifb-title-wrap\"><h5 class=\"uagb-ifb-title\"><em>\u00bfQu\u00e9 puedes esperar de nuestra escuela de magia?<\/em><\/h5><\/div><p class=\"uagb-ifb-desc\">Clases pr\u00e1cticas donde los ni\u00f1os <strong>aprender\u00e1n trucos sencillos pero sorprendentes<\/strong>, con una metodolog\u00eda basada en el juego y el descubrimiento. Nuestro objetivo es que los ni\u00f1os disfruten del proceso de aprendizaje y se sientan motivados para seguir descubriendo los secretos de la magia.<\/p><\/div><\/div>\n<\/div>\n\n\n\n<div class=\"wp-block-uagb-container uagb-block-778a5f1d\">\n<figure class=\"wp-block-image size-full\"><img fetchpriority=\"high\" decoding=\"async\" width=\"601\" height=\"1000\" src=\"https:\/\/elpalaciodelamagia.com\/wp-content\/uploads\/2023\/03\/cuela-de-magia-del-palacio-barcelona.webp\" alt=\"escuela-de-magia-del-palacio-barcelona\" class=\"wp-image-2327\" srcset=\"https:\/\/elpalaciodelamagia.com\/wp-content\/uploads\/2023\/03\/cuela-de-magia-del-palacio-barcelona.webp 601w, https:\/\/elpalaciodelamagia.com\/wp-content\/uploads\/2023\/03\/cuela-de-magia-del-palacio-barcelona-180x300.webp 180w, https:\/\/elpalaciodelamagia.com\/wp-content\/uploads\/2023\/03\/cuela-de-magia-del-palacio-barcelona-600x998.webp 600w\" sizes=\"(max-width: 601px) 100vw, 601px\" \/><\/figure>\n<\/div>\n<\/div><\/div>\n\n\n\n<div class=\"wp-block-uagb-container uagb-block-1d06502d alignfull uagb-is-root-container\"><div class=\"uagb-container-inner-blocks-wrap\">\n<div class=\"wp-block-uagb-container uagb-block-6e2f793c alignfull uagb-is-root-container\"><div class=\"uagb-container-inner-blocks-wrap\">\n<div class=\"wp-block-uagb-container uagb-block-a96cdeea\">\n<div class=\"wp-block-uagb-image uagb-block-4346394b wp-block-uagb-image--layout-default wp-block-uagb-image--effect-static wp-block-uagb-image--align-none\"><figure class=\"wp-block-uagb-image__figure\"><img decoding=\"async\" srcset=\"https:\/\/elpalaciodelamagia.com\/wp-content\/uploads\/2023\/03\/image0.jpeg \" src=\"https:\/\/elpalaciodelamagia.com\/wp-content\/uploads\/2023\/03\/image0.jpeg\" alt=\"Escuela de Magia para ni\u00f1os Barcelona\" class=\"uag-image-1619\" width=\"\" height=\"\" title=\"\" loading=\"lazy\"\/><\/figure><\/div>\n<\/div>\n\n\n\n<div class=\"wp-block-uagb-container uagb-block-baf706b7\">\n<div class=\"wp-block-uagb-advanced-heading uagb-block-a6e7154b\"><h3 class=\"uagb-heading-text\"><em>\u00a1Ap\u00fantate para enterarte de las novedades de la escuela de magia!<\/em><\/h3><p class=\"uagb-desc-text\">Ap\u00fantate para enterarte primer@ de los nuevos cursos, las plazas disponibles y de las fechas de los talleres.<\/p><\/div>\n\n\n<div class=\"wpforms-container inline-fields\" id=\"wpforms-1840\"><form id=\"wpforms-form-1840\" class=\"wpforms-validate wpforms-form\" data-formid=\"1840\" method=\"post\" enctype=\"multipart\/form-data\" action=\"\/en\/wp-json\/wp\/v2\/pages\/1068\" data-token=\"2d38f8945e6186abf9520b1fb73973c7\"><noscript class=\"wpforms-error-noscript\">Please enable JavaScript in your browser to complete this form.<\/noscript><div class=\"wpforms-field-container\"><div id=\"wpforms-1840-field_1-container\" class=\"wpforms-field wpforms-field-email\" data-field-id=\"1\"><label class=\"wpforms-field-label wpforms-label-hide\" for=\"wpforms-1840-field_1\">Email <span class=\"wpforms-required-label\">*<\/span><\/label><input type=\"email\" id=\"wpforms-1840-field_1\" class=\"wpforms-field-large wpforms-field-required\" name=\"wpforms[fields][1]\" placeholder=\"Tu direcci\u00f3n de Email\" required><div class=\"wpforms-field-description\">Mantente actualizad@ de todos nuestros shows<\/div><\/div><\/div><div class=\"wpforms-field wpforms-field-hp\"><label for=\"wpforms-1840-field-hp\" class=\"wpforms-field-label\">Email<\/label><input type=\"text\" name=\"wpforms[hp]\" id=\"wpforms-1840-field-hp\" class=\"wpforms-field-medium\"><\/div><div class=\"wpforms-submit-container\"><input type=\"hidden\" name=\"wpforms[id]\" value=\"1840\"><input type=\"hidden\" name=\"wpforms[author]\" value=\"1\"><button type=\"submit\" name=\"wpforms[submit]\" id=\"wpforms-submit-1840\" class=\"wpforms-submit inline-fields\" data-alt-text=\"Enviando...\" data-submit-text=\"Enviar\" aria-live=\"assertive\" value=\"wpforms-submit\">Enviar<\/button><\/div><\/form><\/div>  <!-- .wpforms-container --><\/div>\n<\/div><\/div>\n<\/div><\/div>\n\n\n\n<div style=\"height:100px\" aria-hidden=\"true\" class=\"wp-block-spacer\"><\/div>\n\n\n\n<p>Adem\u00e1s, la escuela de magia del <strong><mark style=\"background-color:rgba(0, 0, 0, 0)\" class=\"has-inline-color has-ast-global-color-0-color\">Palacio de la Magia<\/mark><\/strong> en Barcelona ofrece una experiencia \u00fanica para los ni\u00f1os: la oportunidad de actuar en nuestro peque\u00f1o teatro. Los estudiantes tendr\u00e1n la oportunidad de mostrar lo que han aprendido frente a sus amigos y familiares, lo que les ayudar\u00e1 a mejorar su confianza y autoestima.<\/p>\n\n\n\n<p>\u00bfTe apetece formar parte de nuestro colegio m\u00e1gico? \u00a1No lo dudes m\u00e1s y ap\u00fantate ahora! Rellena nuestro formulario de <strong><a rel=\"noreferrer noopener\" href=\"https:\/\/elpalaciodelamagia.com\/contactanos\/\" target=\"_blank\">contacto<\/a><\/strong> y nos pondremos en contacto contigo para darte todos los detalles sobre horarios, precios y fechas de inicio.<\/p>\n\n\n\n<p>\u00a1Te esperamos en el Palacio en Barcelona, donde la magia es la protagonista!<\/p>\n\n\n\n<div style=\"height:77px\" aria-hidden=\"true\" class=\"wp-block-spacer\"><\/div>\n\n\n\n<div class=\"inherit-container-width wp-block-group alignfull has-background is-layout-constrained wp-block-group-is-layout-constrained\" style=\"background-color:#0f0f51\"><div class=\"wp-block-group__inner-container\">\n<div class=\"wp-block-media-text alignwide is-stacked-on-mobile is-vertically-aligned-center has-ast-global-color-0-color has-text-color has-background\" style=\"background-color:#0f0f51;grid-template-columns:41% auto\"><figure class=\"wp-block-media-text__media\"><img decoding=\"async\" src=\"https:\/\/elpalaciodelamagia.com\/wp-content\/uploads\/2023\/03\/nenes.jpeg\" alt=\"taller de magia en barcelona el palacio de la magia\" class=\"wp-image-2275 size-full\"\/><\/figure><div class=\"wp-block-media-text__content\">\n<h5 class=\"has-text-color wp-block-heading\" style=\"color:#d7d7d7\">Env\u00edanos tus consultas<\/h5>\n\n\n\n<h2 class=\"has-text-color wp-block-heading\" style=\"color:#ffffff\"><em>Formulario de Contacto<\/em><\/h2>\n\n\n<div class=\"wpforms-container \" id=\"wpforms-1309\"><form id=\"wpforms-form-1309\" class=\"wpforms-validate wpforms-form\" data-formid=\"1309\" method=\"post\" enctype=\"multipart\/form-data\" action=\"\/en\/wp-json\/wp\/v2\/pages\/1068\" data-token=\"cf71815f01426807da08544eff2ecd3f\"><noscript class=\"wpforms-error-noscript\">Please enable JavaScript in your browser to complete this form.<\/noscript><div class=\"wpforms-field-container\"><div id=\"wpforms-1309-field_1-container\" class=\"wpforms-field wpforms-field-name\" data-field-id=\"1\"><label class=\"wpforms-field-label\" for=\"wpforms-1309-field_1\">Nombre <span class=\"wpforms-required-label\">*<\/span><\/label><input type=\"text\" id=\"wpforms-1309-field_1\" class=\"wpforms-field-large wpforms-field-required\" name=\"wpforms[fields][1]\" placeholder=\"Mucho Gusto *\" required><\/div><div id=\"wpforms-1309-field_2-container\" class=\"wpforms-field wpforms-field-email\" data-field-id=\"2\"><label class=\"wpforms-field-label\" for=\"wpforms-1309-field_2\">Email <span class=\"wpforms-required-label\">*<\/span><\/label><input type=\"email\" id=\"wpforms-1309-field_2\" class=\"wpforms-field-large wpforms-field-required\" name=\"wpforms[fields][2]\" placeholder=\"No hacemos Spam*\" required><\/div><div id=\"wpforms-1309-field_5-container\" class=\"wpforms-field wpforms-field-phone\" data-field-id=\"5\"><label class=\"wpforms-field-label\" for=\"wpforms-1309-field_5\">Tel\u00e9fono \/ Whatsapp <span class=\"wpforms-required-label\">*<\/span><\/label><input type=\"tel\" id=\"wpforms-1309-field_5\" class=\"wpforms-field-medium wpforms-field-required wpforms-smart-phone-field\" data-rule-smart-phone-field=\"true\" name=\"wpforms[fields][5]\" placeholder=\"Te llamamos solo si lo pides\" required><\/div><div id=\"wpforms-1309-field_7-container\" class=\"wpforms-field wpforms-field-select wpforms-field-select-style-classic\" data-field-id=\"7\"><label class=\"wpforms-field-label\" for=\"wpforms-1309-field_7\">\u00bfQue Servicio te interesa?<\/label><select id=\"wpforms-1309-field_7\" class=\"wpforms-field-medium\" name=\"wpforms[fields][7]\"><option value=\"Comprar Tickets de Shows\" >Comprar Tickets de Shows<\/option><option value=\"Escuela de Magia\" >Escuela de Magia<\/option><option value=\"Shows Empresas\" >Shows Empresas<\/option><option value=\"Shows Delivery (para tus eventos)\" >Shows Delivery (para tus eventos)<\/option><option value=\"Otros\" >Otros<\/option><\/select><\/div><div id=\"wpforms-1309-field_4-container\" class=\"wpforms-field wpforms-field-textarea\" data-field-id=\"4\"><label class=\"wpforms-field-label\" for=\"wpforms-1309-field_4\">Comentarios <span class=\"wpforms-required-label\">*<\/span><\/label><textarea id=\"wpforms-1309-field_4\" class=\"wpforms-field-medium wpforms-field-required\" name=\"wpforms[fields][4]\" placeholder=\"Te responderemos en breve*\" required><\/textarea><\/div><\/div><div class=\"wpforms-submit-container\"><input type=\"hidden\" name=\"wpforms[id]\" value=\"1309\"><input type=\"hidden\" name=\"wpforms[author]\" value=\"1\"><button type=\"submit\" name=\"wpforms[submit]\" id=\"wpforms-submit-1309\" class=\"wpforms-submit\" data-alt-text=\"Enviado...\" data-submit-text=\"\u00a1Hablemos!\" aria-live=\"assertive\" value=\"wpforms-submit\">\u00a1Hablemos!<\/button><\/div><\/form><\/div>  <!-- .wpforms-container --><\/div><\/div>\n<\/div><\/div>\n","protected":false},"excerpt":{"rendered":"<p>Escuela de Magia Bienvenidos a la escuela de magia del Palacio de la magia en Barcelona, un lugar m\u00e1gico donde los ni\u00f1os pueden aprender los [&hellip;]<\/p>\n","protected":false},"author":1,"featured_media":0,"parent":0,"menu_order":4,"comment_status":"closed","ping_status":"closed","template":"","meta":{"_uag_custom_page_level_css":"","site-sidebar-layout":"no-sidebar","site-content-layout":"plain-container","ast-site-content-layout":"default","site-content-style":"default","site-sidebar-style":"default","ast-global-header-display":"","ast-banner-title-visibility":"","ast-main-header-display":"","ast-hfb-above-header-display":"","ast-hfb-below-header-display":"","ast-hfb-mobile-header-display":"","site-post-title":"disabled","ast-breadcrumbs-content":"disabled","ast-featured-img":"disabled","footer-sml-layout":"","ast-disable-related-posts":"","theme-transparent-header-meta":"default","adv-header-id-meta":"","stick-header-meta":"","header-above-stick-meta":"","header-main-stick-meta":"","header-below-stick-meta":"","astra-migrate-meta-layouts":"default","ast-page-background-enabled":"default","ast-page-background-meta":{"desktop":{"background-color":"var(--ast-global-color-4)","background-image":"","background-repeat":"repeat","background-position":"center center","background-size":"auto","background-attachment":"scroll","background-type":"","background-media":"","overlay-type":"","overlay-color":"","overlay-opacity":"","overlay-gradient":""},"tablet":{"background-color":"","background-image":"","background-repeat":"repeat","background-position":"center center","background-size":"auto","background-attachment":"scroll","background-type":"","background-media":"","overlay-type":"","overlay-color":"","overlay-opacity":"","overlay-gradient":""},"mobile":{"background-color":"","background-image":"","background-repeat":"repeat","background-position":"center center","background-size":"auto","background-attachment":"scroll","background-type":"","background-media":"","overlay-type":"","overlay-color":"","overlay-opacity":"","overlay-gradient":""}},"ast-content-background-meta":{"desktop":{"background-color":"var(--ast-global-color-5)","background-image":"","background-repeat":"repeat","background-position":"center center","background-size":"auto","background-attachment":"scroll","background-type":"","background-media":"","overlay-type":"","overlay-color":"","overlay-opacity":"","overlay-gradient":""},"tablet":{"background-color":"var(--ast-global-color-5)","background-image":"","background-repeat":"repeat","background-position":"center center","background-size":"auto","background-attachment":"scroll","background-type":"","background-media":"","overlay-type":"","overlay-color":"","overlay-opacity":"","overlay-gradient":""},"mobile":{"background-color":"var(--ast-global-color-5)","background-image":"","background-repeat":"repeat","background-position":"center center","background-size":"auto","background-attachment":"scroll","background-type":"","background-media":"","overlay-type":"","overlay-color":"","overlay-opacity":"","overlay-gradient":""}},"footnotes":""},"class_list":["post-1068","page","type-page","status-publish","hentry"],"yoast_head":"<!-- This site is optimized with the Yoast SEO plugin v27.3 - https:\/\/yoast.com\/product\/yoast-seo-wordpress\/ -->\n<title>Escuela de magia - El Palacio De La Magia<\/title>\n<meta name=\"description\" content=\"Bienvenidos a la escuela de magia del Palacio, un lugar m\u00e1gico donde los ni\u00f1os pueden aprender los trucos m\u00e1s incre\u00edbles de la mano de Maximiliano Stia.\" \/>\n<meta name=\"robots\" content=\"index, follow, max-snippet:-1, max-image-preview:large, max-video-preview:-1\" \/>\n<link rel=\"canonical\" href=\"https:\/\/elpalaciodelamagia.com\/en\/escuela-de-magia\/\" \/>\n<meta property=\"og:locale\" content=\"en_GB\" \/>\n<meta property=\"og:type\" content=\"article\" \/>\n<meta property=\"og:title\" content=\"Escuela de magia - El Palacio De La Magia\" \/>\n<meta property=\"og:description\" content=\"Bienvenidos a la escuela de magia del Palacio, un lugar m\u00e1gico donde los ni\u00f1os pueden aprender los trucos m\u00e1s incre\u00edbles de la mano de Maximiliano Stia.\" \/>\n<meta property=\"og:url\" content=\"https:\/\/elpalaciodelamagia.com\/en\/escuela-de-magia\/\" \/>\n<meta property=\"og:site_name\" content=\"El Palacio De La Magia\" \/>\n<meta property=\"article:modified_time\" content=\"2024-05-03T17:31:17+00:00\" \/>\n<meta property=\"og:image\" content=\"https:\/\/elpalaciodelamagia.com\/wp-content\/uploads\/2023\/03\/cuela-de-magia-del-palacio-barcelona.webp\" \/>\n\t<meta property=\"og:image:width\" content=\"601\" \/>\n\t<meta property=\"og:image:height\" content=\"1000\" \/>\n\t<meta property=\"og:image:type\" content=\"image\/webp\" \/>\n<meta name=\"twitter:card\" content=\"summary_large_image\" \/>\n<meta name=\"twitter:label1\" content=\"Estimated reading time\" \/>\n\t<meta name=\"twitter:data1\" content=\"4 minutes\" \/>\n<script type=\"application\/ld+json\" class=\"yoast-schema-graph\">{\"@context\":\"https:\\\/\\\/schema.org\",\"@graph\":[{\"@type\":\"WebPage\",\"@id\":\"https:\\\/\\\/elpalaciodelamagia.com\\\/escuela-de-magia\\\/\",\"url\":\"https:\\\/\\\/elpalaciodelamagia.com\\\/escuela-de-magia\\\/\",\"name\":\"Escuela de magia - El Palacio De La Magia\",\"isPartOf\":{\"@id\":\"https:\\\/\\\/elpalaciodelamagia.com\\\/#website\"},\"primaryImageOfPage\":{\"@id\":\"https:\\\/\\\/elpalaciodelamagia.com\\\/escuela-de-magia\\\/#primaryimage\"},\"image\":{\"@id\":\"https:\\\/\\\/elpalaciodelamagia.com\\\/escuela-de-magia\\\/#primaryimage\"},\"thumbnailUrl\":\"https:\\\/\\\/elpalaciodelamagia.com\\\/wp-content\\\/uploads\\\/2023\\\/03\\\/cuela-de-magia-del-palacio-barcelona.webp\",\"datePublished\":\"2021-04-12T03:26:35+00:00\",\"dateModified\":\"2024-05-03T17:31:17+00:00\",\"description\":\"Bienvenidos a la escuela de magia del Palacio, un lugar m\u00e1gico donde los ni\u00f1os pueden aprender los trucos m\u00e1s incre\u00edbles de la mano de Maximiliano Stia.\",\"breadcrumb\":{\"@id\":\"https:\\\/\\\/elpalaciodelamagia.com\\\/escuela-de-magia\\\/#breadcrumb\"},\"inLanguage\":\"en-GB\",\"potentialAction\":[{\"@type\":\"ReadAction\",\"target\":[\"https:\\\/\\\/elpalaciodelamagia.com\\\/escuela-de-magia\\\/\"]}]},{\"@type\":\"ImageObject\",\"inLanguage\":\"en-GB\",\"@id\":\"https:\\\/\\\/elpalaciodelamagia.com\\\/escuela-de-magia\\\/#primaryimage\",\"url\":\"https:\\\/\\\/elpalaciodelamagia.com\\\/wp-content\\\/uploads\\\/2023\\\/03\\\/cuela-de-magia-del-palacio-barcelona.webp\",\"contentUrl\":\"https:\\\/\\\/elpalaciodelamagia.com\\\/wp-content\\\/uploads\\\/2023\\\/03\\\/cuela-de-magia-del-palacio-barcelona.webp\"},{\"@type\":\"BreadcrumbList\",\"@id\":\"https:\\\/\\\/elpalaciodelamagia.com\\\/escuela-de-magia\\\/#breadcrumb\",\"itemListElement\":[{\"@type\":\"ListItem\",\"position\":1,\"name\":\"Home\",\"item\":\"https:\\\/\\\/elpalaciodelamagia.com\\\/\"},{\"@type\":\"ListItem\",\"position\":2,\"name\":\"Escuela de magia\"}]},{\"@type\":\"WebSite\",\"@id\":\"https:\\\/\\\/elpalaciodelamagia.com\\\/#website\",\"url\":\"https:\\\/\\\/elpalaciodelamagia.com\\\/\",\"name\":\"El Palacio De La Magia\",\"description\":\"Sala Teatro de Magia\",\"publisher\":{\"@id\":\"https:\\\/\\\/elpalaciodelamagia.com\\\/#organization\"},\"potentialAction\":[{\"@type\":\"SearchAction\",\"target\":{\"@type\":\"EntryPoint\",\"urlTemplate\":\"https:\\\/\\\/elpalaciodelamagia.com\\\/?s={search_term_string}\"},\"query-input\":{\"@type\":\"PropertyValueSpecification\",\"valueRequired\":true,\"valueName\":\"search_term_string\"}}],\"inLanguage\":\"en-GB\"},{\"@type\":\"Organization\",\"@id\":\"https:\\\/\\\/elpalaciodelamagia.com\\\/#organization\",\"name\":\"El Palacio De La Magia\",\"url\":\"https:\\\/\\\/elpalaciodelamagia.com\\\/\",\"logo\":{\"@type\":\"ImageObject\",\"inLanguage\":\"en-GB\",\"@id\":\"https:\\\/\\\/elpalaciodelamagia.com\\\/#\\\/schema\\\/logo\\\/image\\\/\",\"url\":\"https:\\\/\\\/elpalaciodelamagia.com\\\/wp-content\\\/uploads\\\/2025\\\/08\\\/Logo_2023_Letras-Blancas-sin-fondo.png\",\"contentUrl\":\"https:\\\/\\\/elpalaciodelamagia.com\\\/wp-content\\\/uploads\\\/2025\\\/08\\\/Logo_2023_Letras-Blancas-sin-fondo.png\",\"width\":560,\"height\":255,\"caption\":\"El Palacio De La Magia\"},\"image\":{\"@id\":\"https:\\\/\\\/elpalaciodelamagia.com\\\/#\\\/schema\\\/logo\\\/image\\\/\"}}]}<\/script>\n<!-- \/ Yoast SEO plugin. -->","yoast_head_json":{"title":"Escuela de magia - El Palacio De La Magia","description":"Bienvenidos a la escuela de magia del Palacio, un lugar m\u00e1gico donde los ni\u00f1os pueden aprender los trucos m\u00e1s incre\u00edbles de la mano de Maximiliano Stia.","robots":{"index":"index","follow":"follow","max-snippet":"max-snippet:-1","max-image-preview":"max-image-preview:large","max-video-preview":"max-video-preview:-1"},"canonical":"https:\/\/elpalaciodelamagia.com\/en\/escuela-de-magia\/","og_locale":"en_GB","og_type":"article","og_title":"Escuela de magia - El Palacio De La Magia","og_description":"Bienvenidos a la escuela de magia del Palacio, un lugar m\u00e1gico donde los ni\u00f1os pueden aprender los trucos m\u00e1s incre\u00edbles de la mano de Maximiliano Stia.","og_url":"https:\/\/elpalaciodelamagia.com\/en\/escuela-de-magia\/","og_site_name":"El Palacio De La Magia","article_modified_time":"2024-05-03T17:31:17+00:00","og_image":[{"width":601,"height":1000,"url":"https:\/\/elpalaciodelamagia.com\/wp-content\/uploads\/2023\/03\/cuela-de-magia-del-palacio-barcelona.webp","type":"image\/webp"}],"twitter_card":"summary_large_image","twitter_misc":{"Estimated reading time":"4 minutes"},"schema":{"@context":"https:\/\/schema.org","@graph":[{"@type":"WebPage","@id":"https:\/\/elpalaciodelamagia.com\/escuela-de-magia\/","url":"https:\/\/elpalaciodelamagia.com\/escuela-de-magia\/","name":"Escuela de magia - El Palacio De La Magia","isPartOf":{"@id":"https:\/\/elpalaciodelamagia.com\/#website"},"primaryImageOfPage":{"@id":"https:\/\/elpalaciodelamagia.com\/escuela-de-magia\/#primaryimage"},"image":{"@id":"https:\/\/elpalaciodelamagia.com\/escuela-de-magia\/#primaryimage"},"thumbnailUrl":"https:\/\/elpalaciodelamagia.com\/wp-content\/uploads\/2023\/03\/cuela-de-magia-del-palacio-barcelona.webp","datePublished":"2021-04-12T03:26:35+00:00","dateModified":"2024-05-03T17:31:17+00:00","description":"Bienvenidos a la escuela de magia del Palacio, un lugar m\u00e1gico donde los ni\u00f1os pueden aprender los trucos m\u00e1s incre\u00edbles de la mano de Maximiliano Stia.","breadcrumb":{"@id":"https:\/\/elpalaciodelamagia.com\/escuela-de-magia\/#breadcrumb"},"inLanguage":"en-GB","potentialAction":[{"@type":"ReadAction","target":["https:\/\/elpalaciodelamagia.com\/escuela-de-magia\/"]}]},{"@type":"ImageObject","inLanguage":"en-GB","@id":"https:\/\/elpalaciodelamagia.com\/escuela-de-magia\/#primaryimage","url":"https:\/\/elpalaciodelamagia.com\/wp-content\/uploads\/2023\/03\/cuela-de-magia-del-palacio-barcelona.webp","contentUrl":"https:\/\/elpalaciodelamagia.com\/wp-content\/uploads\/2023\/03\/cuela-de-magia-del-palacio-barcelona.webp"},{"@type":"BreadcrumbList","@id":"https:\/\/elpalaciodelamagia.com\/escuela-de-magia\/#breadcrumb","itemListElement":[{"@type":"ListItem","position":1,"name":"Home","item":"https:\/\/elpalaciodelamagia.com\/"},{"@type":"ListItem","position":2,"name":"Escuela de magia"}]},{"@type":"WebSite","@id":"https:\/\/elpalaciodelamagia.com\/#website","url":"https:\/\/elpalaciodelamagia.com\/","name":"The Palace Of The Magic","description":"Sala Teatro de Magia","publisher":{"@id":"https:\/\/elpalaciodelamagia.com\/#organization"},"potentialAction":[{"@type":"SearchAction","target":{"@type":"EntryPoint","urlTemplate":"https:\/\/elpalaciodelamagia.com\/?s={search_term_string}"},"query-input":{"@type":"PropertyValueSpecification","valueRequired":true,"valueName":"search_term_string"}}],"inLanguage":"en-GB"},{"@type":"Organization","@id":"https:\/\/elpalaciodelamagia.com\/#organization","name":"The Palace Of The Magic","url":"https:\/\/elpalaciodelamagia.com\/","logo":{"@type":"ImageObject","inLanguage":"en-GB","@id":"https:\/\/elpalaciodelamagia.com\/#\/schema\/logo\/image\/","url":"https:\/\/elpalaciodelamagia.com\/wp-content\/uploads\/2025\/08\/Logo_2023_Letras-Blancas-sin-fondo.png","contentUrl":"https:\/\/elpalaciodelamagia.com\/wp-content\/uploads\/2025\/08\/Logo_2023_Letras-Blancas-sin-fondo.png","width":560,"height":255,"caption":"El Palacio De La Magia"},"image":{"@id":"https:\/\/elpalaciodelamagia.com\/#\/schema\/logo\/image\/"}}]}},"uagb_featured_image_src":{"full":false,"thumbnail":false,"medium":false,"medium_large":false,"large":false,"1536x1536":false,"2048x2048":false,"trp-custom-language-flag":false,"woocommerce_thumbnail":false,"woocommerce_single":false,"woocommerce_gallery_thumbnail":false},"uagb_author_info":{"display_name":"croldan","author_link":"https:\/\/elpalaciodelamagia.com\/en\/author\/croldan\/"},"uagb_comment_info":0,"uagb_excerpt":"Escuela de Magia Bienvenidos a la escuela de magia del Palacio de la magia en Barcelona, un lugar m\u00e1gico donde los ni\u00f1os pueden aprender los [&hellip;]","_links":{"self":[{"href":"https:\/\/elpalaciodelamagia.com\/en\/wp-json\/wp\/v2\/pages\/1068","targetHints":{"allow":["GET"]}}],"collection":[{"href":"https:\/\/elpalaciodelamagia.com\/en\/wp-json\/wp\/v2\/pages"}],"about":[{"href":"https:\/\/elpalaciodelamagia.com\/en\/wp-json\/wp\/v2\/types\/page"}],"author":[{"embeddable":true,"href":"https:\/\/elpalaciodelamagia.com\/en\/wp-json\/wp\/v2\/users\/1"}],"replies":[{"embeddable":true,"href":"https:\/\/elpalaciodelamagia.com\/en\/wp-json\/wp\/v2\/comments?post=1068"}],"version-history":[{"count":41,"href":"https:\/\/elpalaciodelamagia.com\/en\/wp-json\/wp\/v2\/pages\/1068\/revisions"}],"predecessor-version":[{"id":3329,"href":"https:\/\/elpalaciodelamagia.com\/en\/wp-json\/wp\/v2\/pages\/1068\/revisions\/3329"}],"wp:attachment":[{"href":"https:\/\/elpalaciodelamagia.com\/en\/wp-json\/wp\/v2\/media?parent=1068"}],"curies":[{"name":"wp","href":"https:\/\/api.w.org\/{rel}","templated":true}]}}